{"id":8275,"date":"2022-06-06T14:39:11","date_gmt":"2022-06-06T12:39:11","guid":{"rendered":"https:\/\/www.jpk.fr\/?page_id=8275"},"modified":"2022-07-07T14:52:17","modified_gmt":"2022-07-07T12:52:17","slug":"options-jpk-1030","status":"publish","type":"page","link":"https:\/\/www.jpk.fr\/en\/options-jpk-1030\/","title":{"rendered":"Options JPK 1030"},"content":{"rendered":"\t\t<div data-elementor-type=\"wp-page\" data-elementor-id=\"8275\" class=\"elementor elementor-8275\" data-elementor-post-type=\"page\">\n\t\t\t\t\t\t<section class=\"elementor-section elementor-top-section elementor-element elementor-element-1a12c13d elementor-section-boxed elementor-section-height-default elementor-section-height-default\" data-id=\"1a12c13d\" data-element_type=\"section\" data-e-type=\"section\" data-settings=\"{&quot;background_background&quot;:&quot;classic&quot;}\">\n\t\t\t\t\t\t\t<div class=\"elementor-background-overlay\"><\/div>\n\t\t\t\t\t\t\t<div class=\"elementor-container elementor-column-gap-default\">\n\t\t\t\t\t<div class=\"elementor-column elementor-col-100 elementor-top-column elementor-element elementor-element-772c4252\" data-id=\"772c4252\" data-element_type=\"column\" data-e-type=\"column\">\n\t\t\t<div class=\"elementor-widget-wrap elementor-element-populated\">\n\t\t\t\t\t\t<div class=\"elementor-element elementor-element-67bebfac elementor-widget elementor-widget-global elementor-global-4205 elementor-widget-spacer\" data-id=\"67bebfac\" data-element_type=\"widget\" data-e-type=\"widget\" data-widget_type=\"spacer.default\">\n\t\t\t\t<div class=\"elementor-widget-container\">\n\t\t\t\t\t\t\t<div class=\"elementor-spacer\">\n\t\t\t<div class=\"elementor-spacer-inner\"><\/div>\n\t\t<\/div>\n\t\t\t\t\t\t<\/div>\n\t\t\t\t<\/div>\n\t\t\t\t<div class=\"elementor-element elementor-element-7907f0f7 animated-slow elementor-invisible elementor-widget elementor-widget-heading\" data-id=\"7907f0f7\" data-element_type=\"widget\" data-e-type=\"widget\" data-settings=\"{&quot;_animation&quot;:&quot;fadeIn&quot;}\" data-widget_type=\"heading.default\">\n\t\t\t\t<div class=\"elementor-widget-container\">\n\t\t\t\t\t<h1 class=\"elementor-heading-title elementor-size-xxl\">Options de votre JPK 1030<\/h1>\t\t\t\t<\/div>\n\t\t\t\t<\/div>\n\t\t\t\t<div class=\"elementor-element elementor-element-6e8a71f7 animated-slow elementor-invisible elementor-widget elementor-widget-image\" data-id=\"6e8a71f7\" data-element_type=\"widget\" data-e-type=\"widget\" data-settings=\"{&quot;_animation&quot;:&quot;fadeIn&quot;}\" data-widget_type=\"image.default\">\n\t\t\t\t<div class=\"elementor-widget-container\">\n\t\t\t\t\t\t\t\t\t\t\t\t\t\t\t<img decoding=\"async\" width=\"444\" height=\"38\" src=\"https:\/\/www.jpk.fr\/wp-content\/uploads\/2021\/12\/rect31-2.png\" class=\"attachment-large size-large wp-image-4400\" alt=\"\" srcset=\"https:\/\/www.jpk.fr\/wp-content\/uploads\/2021\/12\/rect31-2.png 444w, https:\/\/www.jpk.fr\/wp-content\/uploads\/2021\/12\/rect31-2-300x26.png 300w\" sizes=\"(max-width: 444px) 100vw, 444px\" \/>\t\t\t\t\t\t\t\t\t\t\t\t\t\t\t<\/div>\n\t\t\t\t<\/div>\n\t\t\t\t<div class=\"elementor-element elementor-element-3c1186df elementor-nav-menu__align-center elementor-nav-menu--dropdown-none animated-slow elementor-invisible elementor-widget elementor-widget-nav-menu\" data-id=\"3c1186df\" data-element_type=\"widget\" data-e-type=\"widget\" data-settings=\"{&quot;submenu_icon&quot;:{&quot;value&quot;:&quot;&lt;i class=\\&quot;\\&quot; aria-hidden=\\&quot;true\\&quot;&gt;&lt;\\\/i&gt;&quot;,&quot;library&quot;:&quot;&quot;},&quot;_animation&quot;:&quot;fadeIn&quot;,&quot;layout&quot;:&quot;horizontal&quot;}\" data-widget_type=\"nav-menu.default\">\n\t\t\t\t<div class=\"elementor-widget-container\">\n\t\t\t\t\t\t\t\t<nav aria-label=\"Menu\" class=\"elementor-nav-menu--main elementor-nav-menu__container elementor-nav-menu--layout-horizontal e--pointer-background e--animation-slow\">\n\t\t\t\t<ul id=\"menu-1-3c1186df\" class=\"elementor-nav-menu\"><li class=\"trp-language-switcher-container menu-item menu-item-type-post_type menu-item-object-language_switcher current-language-menu-item menu-item-7871\"><a href=\"https:\/\/www.jpk.fr\/en\/wp-json\/wp\/v2\/pages\/8275#TRPLINKPROCESSED\" class=\"elementor-item elementor-item-anchor\"><span data-no-translation><img decoding=\"async\" class=\"trp-flag-image\" src=\"https:\/\/www.jpk.fr\/wp-content\/plugins\/translatepress-multilingual\/assets\/images\/flags\/fr_FR.png\" width=\"18\" height=\"12\" alt=\"fr_FR\" title=\"Fran\u00e7ais\"><\/span><\/a><\/li>\n<li class=\"trp-language-switcher-container menu-item menu-item-type-post_type menu-item-object-language_switcher current-language-menu-item menu-item-7870\"><a href=\"https:\/\/www.jpk.fr\/en\/wp-json\/wp\/v2\/pages\/8275#TRPLINKPROCESSED\" class=\"elementor-item elementor-item-anchor\"><span data-no-translation><img decoding=\"async\" class=\"trp-flag-image\" src=\"https:\/\/www.jpk.fr\/wp-content\/plugins\/translatepress-multilingual\/assets\/images\/flags\/en_GB.png\" width=\"18\" height=\"12\" alt=\"en_GB\" title=\"English (UK)\"><\/span><\/a><\/li>\n<\/ul>\t\t\t<\/nav>\n\t\t\t\t\t\t<nav class=\"elementor-nav-menu--dropdown elementor-nav-menu__container\" aria-hidden=\"true\">\n\t\t\t\t<ul id=\"menu-2-3c1186df\" class=\"elementor-nav-menu\"><li class=\"trp-language-switcher-container menu-item menu-item-type-post_type menu-item-object-language_switcher current-language-menu-item menu-item-7871\"><a href=\"https:\/\/www.jpk.fr\/en\/wp-json\/wp\/v2\/pages\/8275#TRPLINKPROCESSED\" class=\"elementor-item elementor-item-anchor\" tabindex=\"-1\"><span data-no-translation><img decoding=\"async\" class=\"trp-flag-image\" src=\"https:\/\/www.jpk.fr\/wp-content\/plugins\/translatepress-multilingual\/assets\/images\/flags\/fr_FR.png\" width=\"18\" height=\"12\" alt=\"fr_FR\" title=\"Fran\u00e7ais\"><\/span><\/a><\/li>\n<li class=\"trp-language-switcher-container menu-item menu-item-type-post_type menu-item-object-language_switcher current-language-menu-item menu-item-7870\"><a href=\"https:\/\/www.jpk.fr\/en\/wp-json\/wp\/v2\/pages\/8275#TRPLINKPROCESSED\" class=\"elementor-item elementor-item-anchor\" tabindex=\"-1\"><span data-no-translation><img decoding=\"async\" class=\"trp-flag-image\" src=\"https:\/\/www.jpk.fr\/wp-content\/plugins\/translatepress-multilingual\/assets\/images\/flags\/en_GB.png\" width=\"18\" height=\"12\" alt=\"en_GB\" title=\"English (UK)\"><\/span><\/a><\/li>\n<\/ul>\t\t\t<\/nav>\n\t\t\t\t\t\t<\/div>\n\t\t\t\t<\/div>\n\t\t\t\t<div class=\"elementor-element elementor-element-35dde7da animated-slow elementor-invisible elementor-widget elementor-widget-text-editor\" data-id=\"35dde7da\" data-element_type=\"widget\" data-e-type=\"widget\" data-settings=\"{&quot;_animation&quot;:&quot;fadeIn&quot;}\" data-widget_type=\"text-editor.default\">\n\t\t\t\t<div class=\"elementor-widget-container\">\n\t\t\t\t\t\t\t\t\t<p>Bonjour, la construction de votre JPK 1030 approche. Pour des raisons logistiques, nous avons besoin de savoir vos choix pour les principales options ci-dessous d\u00e8s maintenant. Nous reviendrons vers vous pour les autres options en temps voulu.<\/p><p>Pouvez-vous simplement compl\u00e9ter le questionnaire qui suit ? Merci !<br \/><span style=\"color: var( --e-global-color-62e6453 ); font-family: var( --e-global-typography-text-font-family ), Sans-serif; font-weight: var( --e-global-typography-text-font-weight ); font-size: 1rem;\">Une copie de vos choix vous sera adress\u00e9e automatiquement par email.<\/span><\/p><p>Le team JPK Composites<\/p>\t\t\t\t\t\t\t\t<\/div>\n\t\t\t\t<\/div>\n\t\t\t\t<div class=\"elementor-element elementor-element-77a3f3e elementor-widget elementor-widget-global elementor-global-4205 elementor-widget-spacer\" data-id=\"77a3f3e\" data-element_type=\"widget\" data-e-type=\"widget\" data-widget_type=\"spacer.default\">\n\t\t\t\t<div class=\"elementor-widget-container\">\n\t\t\t\t\t\t\t<div class=\"elementor-spacer\">\n\t\t\t<div class=\"elementor-spacer-inner\"><\/div>\n\t\t<\/div>\n\t\t\t\t\t\t<\/div>\n\t\t\t\t<\/div>\n\t\t\t\t<div class=\"elementor-element elementor-element-1be9f1d7 elementor-button-align-center animated-slow elementor-invisible elementor-widget elementor-widget-form\" data-id=\"1be9f1d7\" data-element_type=\"widget\" data-e-type=\"widget\" data-settings=\"{&quot;step_next_label&quot;:&quot;Suivant&quot;,&quot;step_previous_label&quot;:&quot;Pr\\u00e9c\\u00e9dent&quot;,&quot;_animation&quot;:&quot;fadeInUp&quot;,&quot;button_width&quot;:&quot;100&quot;,&quot;step_type&quot;:&quot;number_text&quot;,&quot;step_icon_shape&quot;:&quot;circle&quot;}\" data-widget_type=\"form.default\">\n\t\t\t\t<div class=\"elementor-widget-container\">\n\t\t\t\t\t\t\t<form class=\"elementor-form\" method=\"post\" id=\"optionsjpk1030\" name=\"Options JPK 1030\" aria-label=\"Options JPK 1030\">\n\t\t\t<input type=\"hidden\" name=\"post_id\" value=\"8275\"\/>\n\t\t\t<input type=\"hidden\" name=\"form_id\" value=\"1be9f1d7\"\/>\n\t\t\t<input type=\"hidden\" name=\"referer_title\" value=\"Options JPK 1030 &#8212; JPK Composites\" \/>\n\n\t\t\t\t\t\t\t<input type=\"hidden\" name=\"queried_type\" value=\"WP_Post\"\/><input type=\"hidden\" name=\"queried_id\" value=\"8275\"\/>\n\t\t\t\n\t\t\t<div class=\"elementor-form-fields-wrapper elementor-labels-above\">\n\t\t\t\t\t\t\t\t<div class=\"elementor-field-type-text elementor-field-group elementor-column elementor-field-group-nom elementor-col-50 elementor-field-required elementor-mark-required\">\n\t\t\t\t\t\t\t\t\t\t\t\t<label for=\"form-field-nom\" class=\"elementor-field-label\">\n\t\t\t\t\t\t\t\tIndiquez votre nom\t\t\t\t\t\t\t<\/label>\n\t\t\t\t\t\t\t\t\t\t\t\t\t\t<input size=\"1\" type=\"text\" name=\"form_fields[nom]\" id=\"form-field-nom\" class=\"elementor-field elementor-size-sm  elementor-field-textual\" placeholder=\"John Wood\" required=\"required\">\n\t\t\t\t\t\t\t\t\t\t\t<\/div>\n\t\t\t\t\t\t\t\t<div class=\"elementor-field-type-text elementor-field-group elementor-column elementor-field-group-email elementor-col-50 elementor-field-required elementor-mark-required\">\n\t\t\t\t\t\t\t\t\t\t\t\t<label for=\"form-field-email\" class=\"elementor-field-label\">\n\t\t\t\t\t\t\t\tIndiquez votre email\t\t\t\t\t\t\t<\/label>\n\t\t\t\t\t\t\t\t\t\t\t\t\t\t<input size=\"1\" type=\"text\" name=\"form_fields[email]\" id=\"form-field-email\" class=\"elementor-field elementor-size-sm  elementor-field-textual\" placeholder=\"john@example.com\" required=\"required\">\n\t\t\t\t\t\t\t\t\t\t\t<\/div>\n\t\t\t\t\t\t\t\t<div class=\"elementor-field-type-radio elementor-field-group elementor-column elementor-field-group-mat elementor-col-40 elementor-field-required elementor-mark-required\">\n\t\t\t\t\t\t\t\t\t\t\t\t<label for=\"form-field-mat\" class=\"elementor-field-label\">\n\t\t\t\t\t\t\t\tM\u00e2t\t\t\t\t\t\t\t<\/label>\n\t\t\t\t\t\t<div class=\"elementor-field-subgroup  \"><span class=\"elementor-field-option\"><input type=\"radio\" value=\"VMG SOROMAP Aluminium\" id=\"form-field-mat-0\" name=\"form_fields[mat]\" required=\"required\"> <label for=\"form-field-mat-0\">VMG SOROMAP Aluminium<\/label><\/span><span class=\"elementor-field-option\"><input type=\"radio\" value=\"M\u00e2t carbone Axxon HR 40 avec rail tangon\" id=\"form-field-mat-1\" name=\"form_fields[mat]\" required=\"required\"> <label for=\"form-field-mat-1\">M\u00e2t carbone Axxon HR 40 avec rail tangon<\/label><\/span><span class=\"elementor-field-option\"><input type=\"radio\" value=\"M\u00e2t carbone Axxon HR 40 sans rail tangon\" id=\"form-field-mat-2\" name=\"form_fields[mat]\" required=\"required\"> <label for=\"form-field-mat-2\">M\u00e2t carbone Axxon HR 40 sans rail tangon<\/label><\/span><span class=\"elementor-field-option\"><input type=\"radio\" value=\"M\u00e2t carbone Axxon HS 40 avec rail tangon\" id=\"form-field-mat-3\" name=\"form_fields[mat]\" required=\"required\"> <label for=\"form-field-mat-3\">M\u00e2t carbone Axxon HS 40 avec rail tangon<\/label><\/span><span class=\"elementor-field-option\"><input type=\"radio\" value=\"M\u00e2t carbone Axxon HS 40 sans rail tangon\" id=\"form-field-mat-4\" name=\"form_fields[mat]\" required=\"required\"> <label for=\"form-field-mat-4\">M\u00e2t carbone Axxon HS 40 sans rail tangon<\/label><\/span><\/div>\t\t\t\t<\/div>\n\t\t\t\t\t\t\t\t<div class=\"elementor-field-type-radio elementor-field-group elementor-column elementor-field-group-field_b5e5d72 elementor-col-30 elementor-field-required elementor-mark-required\">\n\t\t\t\t\t\t\t\t\t\t\t\t<label for=\"form-field-field_b5e5d72\" class=\"elementor-field-label\">\n\t\t\t\t\t\t\t\tB\u00f4me\t\t\t\t\t\t\t<\/label>\n\t\t\t\t\t\t<div class=\"elementor-field-subgroup  \"><span class=\"elementor-field-option\"><input type=\"radio\" value=\"VMG SOROMAP Aluminium\" id=\"form-field-field_b5e5d72-0\" name=\"form_fields[field_b5e5d72]\" required=\"required\"> <label for=\"form-field-field_b5e5d72-0\">VMG SOROMAP Aluminium<\/label><\/span><span class=\"elementor-field-option\"><input type=\"radio\" value=\"Axxon Carbone\" id=\"form-field-field_b5e5d72-1\" name=\"form_fields[field_b5e5d72]\" required=\"required\"> <label for=\"form-field-field_b5e5d72-1\">Axxon Carbone<\/label><\/span><\/div>\t\t\t\t<\/div>\n\t\t\t\t\t\t\t\t<div class=\"elementor-field-type-radio elementor-field-group elementor-column elementor-field-group-finition elementor-col-30 elementor-field-required elementor-mark-required\">\n\t\t\t\t\t\t\t\t\t\t\t\t<label for=\"form-field-finition\" class=\"elementor-field-label\">\n\t\t\t\t\t\t\t\tBallasts\t\t\t\t\t\t\t<\/label>\n\t\t\t\t\t\t<div class=\"elementor-field-subgroup  \"><span class=\"elementor-field-option\"><input type=\"radio\" value=\"Non\" id=\"form-field-finition-0\" name=\"form_fields[finition]\" required=\"required\"> <label for=\"form-field-finition-0\">Non<\/label><\/span><span class=\"elementor-field-option\"><input type=\"radio\" value=\"2x 300 litres\" id=\"form-field-finition-1\" name=\"form_fields[finition]\" required=\"required\"> <label for=\"form-field-finition-1\">2x 300 litres<\/label><\/span><\/div>\t\t\t\t<\/div>\n\t\t\t\t\t\t\t\t<div class=\"elementor-field-type-radio elementor-field-group elementor-column elementor-field-group-voilier elementor-col-100 elementor-field-required elementor-mark-required\">\n\t\t\t\t\t\t\t\t\t\t\t\t<label for=\"form-field-voilier\" class=\"elementor-field-label\">\n\t\t\t\t\t\t\t\tAvez-vous d\u00e9j\u00e0 choisi votre voilerie ?\t\t\t\t\t\t\t<\/label>\n\t\t\t\t\t\t<div class=\"elementor-field-subgroup  \"><span class=\"elementor-field-option\"><input type=\"radio\" value=\"Non, pas encore\" id=\"form-field-voilier-0\" name=\"form_fields[voilier]\" required=\"required\"> <label for=\"form-field-voilier-0\">Non, pas encore<\/label><\/span><span class=\"elementor-field-option\"><input type=\"radio\" value=\"Voiles fournies par JPK (Technique Voile)\" id=\"form-field-voilier-1\" name=\"form_fields[voilier]\" required=\"required\"> <label for=\"form-field-voilier-1\">Voiles fournies par JPK (Technique Voile)<\/label><\/span><span class=\"elementor-field-option\"><input type=\"radio\" value=\"Autre voilerie :\" id=\"form-field-voilier-2\" name=\"form_fields[voilier]\" required=\"required\"> <label for=\"form-field-voilier-2\">Autre voilerie :<\/label><\/span><\/div>\t\t\t\t<\/div>\n\t\t\t\t\t\t\t\t<div class=\"elementor-field-type-text elementor-field-group elementor-column elementor-field-group-voilierautre elementor-col-40\">\n\t\t\t\t\t\t\t\t\t\t\t\t\t<input size=\"1\" type=\"text\" name=\"form_fields[voilierautre]\" id=\"form-field-voilierautre\" class=\"elementor-field elementor-size-sm  elementor-field-textual\" placeholder=\"Nom de la voilerie si &quot;autre&quot;\">\n\t\t\t\t\t\t\t\t\t\t\t<\/div>\n\t\t\t\t\t\t\t\t<div class=\"elementor-field-type-textarea elementor-field-group elementor-column elementor-field-group-ajouter elementor-col-100\">\n\t\t\t\t\t\t\t\t\t\t\t\t<label for=\"form-field-ajouter\" class=\"elementor-field-label\">\n\t\t\t\t\t\t\t\tQuelque chose \u00e0 ajouter ?\t\t\t\t\t\t\t<\/label>\n\t\t\t\t\t\t<textarea class=\"elementor-field-textual elementor-field  elementor-size-sm\" name=\"form_fields[ajouter]\" id=\"form-field-ajouter\" rows=\"5\" placeholder=\"Vous pouvez \u00e9crire ici\"><\/textarea>\t\t\t\t<\/div>\n\t\t\t\t\t\t\t\t<div class=\"elementor-field-group elementor-column elementor-field-type-submit elementor-col-100 e-form__buttons\">\n\t\t\t\t\t<button class=\"elementor-button elementor-size-sm\" type=\"submit\" id=\"send\">\n\t\t\t\t\t\t<span class=\"elementor-button-content-wrapper\">\n\t\t\t\t\t\t\t\t\t\t\t\t\t\t\t<span class=\"elementor-button-icon\">\n\t\t\t\t\t\t\t\t\t<i aria-hidden=\"true\" class=\"fas fa-check\"><\/i>\t\t\t\t\t\t\t\t\t\t\t\t\t\t\t\t\t<\/span>\n\t\t\t\t\t\t\t\t\t\t\t\t\t\t\t\t\t\t\t\t\t\t<span class=\"elementor-button-text\">Envoyer<\/span>\n\t\t\t\t\t\t\t\t\t\t\t\t\t<\/span>\n\t\t\t\t\t<\/button>\n\t\t\t\t<\/div>\n\t\t\t<\/div>\n\t\t<\/form>\n\t\t\t\t\t\t<\/div>\n\t\t\t\t<\/div>\n\t\t\t\t<div class=\"elementor-element elementor-element-64d43ad4 elementor-widget elementor-widget-global elementor-global-4205 elementor-widget-spacer\" data-id=\"64d43ad4\" data-element_type=\"widget\" data-e-type=\"widget\" data-widget_type=\"spacer.default\">\n\t\t\t\t<div class=\"elementor-widget-container\">\n\t\t\t\t\t\t\t<div class=\"elementor-spacer\">\n\t\t\t<div class=\"elementor-spacer-inner\"><\/div>\n\t\t<\/div>\n\t\t\t\t\t\t<\/div>\n\t\t\t\t<\/div>\n\t\t\t\t\t<\/div>\n\t\t<\/div>\n\t\t\t\t\t<\/div>\n\t\t<\/section>\n\t\t\t\t<\/div>\n\t\t","protected":false},"excerpt":{"rendered":"<p>Options de votre JPK 1030 Bonjour, la construction de votre JPK 1030 approche. Pour des raisons logistiques, nous avons besoin de savoir vos choix pour les principales options ci-dessous d\u00e8s maintenant. Nous reviendrons vers vous pour les autres options en temps voulu. Pouvez-vous simplement compl\u00e9ter le questionnaire qui suit ? Merci ! Une copie de [&hellip;]<\/p>\n","protected":false},"author":2,"featured_media":0,"parent":0,"menu_order":0,"comment_status":"closed","ping_status":"closed","template":"","meta":{"_acf_changed":false,"footnotes":""},"modele":[],"class_list":["post-8275","page","type-page","status-publish","hentry"],"acf":[],"yoast_head":"<!-- This site is optimized with the Yoast SEO plugin v27.4 - https:\/\/yoast.com\/product\/yoast-seo-wordpress\/ -->\n<title>Options JPK 1030 &#8212; JPK Composites<\/title>\n<meta name=\"robots\" content=\"noindex, follow\" \/>\n<meta property=\"og:locale\" content=\"en_GB\" \/>\n<meta property=\"og:type\" content=\"article\" \/>\n<meta property=\"og:title\" content=\"Options JPK 1030 &#8212; JPK Composites\" \/>\n<meta property=\"og:description\" content=\"Options de votre JPK 1030 Bonjour, la construction de votre JPK 1030 approche. Pour des raisons logistiques, nous avons besoin de savoir vos choix pour les principales options ci-dessous d\u00e8s maintenant. Nous reviendrons vers vous pour les autres options en temps voulu. Pouvez-vous simplement compl\u00e9ter le questionnaire qui suit ? Merci ! Une copie de [&hellip;]\" \/>\n<meta property=\"og:url\" content=\"https:\/\/www.jpk.fr\/en\/options-jpk-1030\/\" \/>\n<meta property=\"og:site_name\" content=\"JPK Composites\" \/>\n<meta property=\"article:modified_time\" content=\"2022-07-07T12:52:17+00:00\" \/>\n<meta property=\"og:image\" content=\"https:\/\/www.jpk.fr\/wp-content\/uploads\/2021\/12\/rect31-2.png\" \/>\n<meta name=\"twitter:card\" content=\"summary_large_image\" \/>\n<meta name=\"twitter:label1\" content=\"Estimated reading time\" \/>\n\t<meta name=\"twitter:data1\" content=\"2 minutes\" \/>\n<script type=\"application\/ld+json\" class=\"yoast-schema-graph\">{\"@context\":\"https:\\\/\\\/schema.org\",\"@graph\":[{\"@type\":\"WebPage\",\"@id\":\"https:\\\/\\\/www.jpk.fr\\\/options-jpk-1030\\\/\",\"url\":\"https:\\\/\\\/www.jpk.fr\\\/options-jpk-1030\\\/\",\"name\":\"Options JPK 1030 &#8212; JPK Composites\",\"isPartOf\":{\"@id\":\"https:\\\/\\\/www.jpk.fr\\\/#website\"},\"primaryImageOfPage\":{\"@id\":\"https:\\\/\\\/www.jpk.fr\\\/options-jpk-1030\\\/#primaryimage\"},\"image\":{\"@id\":\"https:\\\/\\\/www.jpk.fr\\\/options-jpk-1030\\\/#primaryimage\"},\"thumbnailUrl\":\"https:\\\/\\\/www.jpk.fr\\\/wp-content\\\/uploads\\\/2021\\\/12\\\/rect31-2.png\",\"datePublished\":\"2022-06-06T12:39:11+00:00\",\"dateModified\":\"2022-07-07T12:52:17+00:00\",\"breadcrumb\":{\"@id\":\"https:\\\/\\\/www.jpk.fr\\\/options-jpk-1030\\\/#breadcrumb\"},\"inLanguage\":\"en-GB\",\"potentialAction\":[{\"@type\":\"ReadAction\",\"target\":[\"https:\\\/\\\/www.jpk.fr\\\/options-jpk-1030\\\/\"]}]},{\"@type\":\"ImageObject\",\"inLanguage\":\"en-GB\",\"@id\":\"https:\\\/\\\/www.jpk.fr\\\/options-jpk-1030\\\/#primaryimage\",\"url\":\"https:\\\/\\\/www.jpk.fr\\\/wp-content\\\/uploads\\\/2021\\\/12\\\/rect31-2.png\",\"contentUrl\":\"https:\\\/\\\/www.jpk.fr\\\/wp-content\\\/uploads\\\/2021\\\/12\\\/rect31-2.png\"},{\"@type\":\"BreadcrumbList\",\"@id\":\"https:\\\/\\\/www.jpk.fr\\\/options-jpk-1030\\\/#breadcrumb\",\"itemListElement\":[{\"@type\":\"ListItem\",\"position\":1,\"name\":\"Accueil\",\"item\":\"https:\\\/\\\/www.jpk.fr\\\/\"},{\"@type\":\"ListItem\",\"position\":2,\"name\":\"Options JPK 1030\"}]},{\"@type\":\"WebSite\",\"@id\":\"https:\\\/\\\/www.jpk.fr\\\/#website\",\"url\":\"https:\\\/\\\/www.jpk.fr\\\/\",\"name\":\"JPK Composites\",\"description\":\"JPK Composites d\u00e9veloppe avec une \u00e9quipe passionn\u00e9e des bateaux rapides, marins, et esth\u00e9tiques.\",\"publisher\":{\"@id\":\"https:\\\/\\\/www.jpk.fr\\\/#organization\"},\"potentialAction\":[{\"@type\":\"SearchAction\",\"target\":{\"@type\":\"EntryPoint\",\"urlTemplate\":\"https:\\\/\\\/www.jpk.fr\\\/?s={search_term_string}\"},\"query-input\":{\"@type\":\"PropertyValueSpecification\",\"valueRequired\":true,\"valueName\":\"search_term_string\"}}],\"inLanguage\":\"en-GB\"},{\"@type\":\"Organization\",\"@id\":\"https:\\\/\\\/www.jpk.fr\\\/#organization\",\"name\":\"JPK Composites\",\"url\":\"https:\\\/\\\/www.jpk.fr\\\/\",\"logo\":{\"@type\":\"ImageObject\",\"inLanguage\":\"en-GB\",\"@id\":\"https:\\\/\\\/www.jpk.fr\\\/#\\\/schema\\\/logo\\\/image\\\/\",\"url\":\"\",\"contentUrl\":\"\",\"caption\":\"JPK Composites\"},\"image\":{\"@id\":\"https:\\\/\\\/www.jpk.fr\\\/#\\\/schema\\\/logo\\\/image\\\/\"}}]}<\/script>\n<!-- \/ Yoast SEO plugin. -->","yoast_head_json":{"title":"Options JPK 1030 &#8212; JPK Composites","robots":{"index":"noindex","follow":"follow"},"og_locale":"en_GB","og_type":"article","og_title":"Options JPK 1030 &#8212; JPK Composites","og_description":"Options de votre JPK 1030 Bonjour, la construction de votre JPK 1030 approche. Pour des raisons logistiques, nous avons besoin de savoir vos choix pour les principales options ci-dessous d\u00e8s maintenant. Nous reviendrons vers vous pour les autres options en temps voulu. Pouvez-vous simplement compl\u00e9ter le questionnaire qui suit ? Merci ! Une copie de [&hellip;]","og_url":"https:\/\/www.jpk.fr\/en\/options-jpk-1030\/","og_site_name":"JPK Composites","article_modified_time":"2022-07-07T12:52:17+00:00","og_image":[{"url":"https:\/\/www.jpk.fr\/wp-content\/uploads\/2021\/12\/rect31-2.png","type":"","width":"","height":""}],"twitter_card":"summary_large_image","twitter_misc":{"Estimated reading time":"2 minutes"},"schema":{"@context":"https:\/\/schema.org","@graph":[{"@type":"WebPage","@id":"https:\/\/www.jpk.fr\/options-jpk-1030\/","url":"https:\/\/www.jpk.fr\/options-jpk-1030\/","name":"Options JPK 1030 &#8212; JPK Composites","isPartOf":{"@id":"https:\/\/www.jpk.fr\/#website"},"primaryImageOfPage":{"@id":"https:\/\/www.jpk.fr\/options-jpk-1030\/#primaryimage"},"image":{"@id":"https:\/\/www.jpk.fr\/options-jpk-1030\/#primaryimage"},"thumbnailUrl":"https:\/\/www.jpk.fr\/wp-content\/uploads\/2021\/12\/rect31-2.png","datePublished":"2022-06-06T12:39:11+00:00","dateModified":"2022-07-07T12:52:17+00:00","breadcrumb":{"@id":"https:\/\/www.jpk.fr\/options-jpk-1030\/#breadcrumb"},"inLanguage":"en-GB","potentialAction":[{"@type":"ReadAction","target":["https:\/\/www.jpk.fr\/options-jpk-1030\/"]}]},{"@type":"ImageObject","inLanguage":"en-GB","@id":"https:\/\/www.jpk.fr\/options-jpk-1030\/#primaryimage","url":"https:\/\/www.jpk.fr\/wp-content\/uploads\/2021\/12\/rect31-2.png","contentUrl":"https:\/\/www.jpk.fr\/wp-content\/uploads\/2021\/12\/rect31-2.png"},{"@type":"BreadcrumbList","@id":"https:\/\/www.jpk.fr\/options-jpk-1030\/#breadcrumb","itemListElement":[{"@type":"ListItem","position":1,"name":"Accueil","item":"https:\/\/www.jpk.fr\/"},{"@type":"ListItem","position":2,"name":"Options JPK 1030"}]},{"@type":"WebSite","@id":"https:\/\/www.jpk.fr\/#website","url":"https:\/\/www.jpk.fr\/","name":"JPK Composites","description":"JPK Composites d\u00e9veloppe avec une \u00e9quipe passionn\u00e9e des bateaux rapides, marins, et esth\u00e9tiques.","publisher":{"@id":"https:\/\/www.jpk.fr\/#organization"},"potentialAction":[{"@type":"SearchAction","target":{"@type":"EntryPoint","urlTemplate":"https:\/\/www.jpk.fr\/?s={search_term_string}"},"query-input":{"@type":"PropertyValueSpecification","valueRequired":true,"valueName":"search_term_string"}}],"inLanguage":"en-GB"},{"@type":"Organization","@id":"https:\/\/www.jpk.fr\/#organization","name":"JPK Composites","url":"https:\/\/www.jpk.fr\/","logo":{"@type":"ImageObject","inLanguage":"en-GB","@id":"https:\/\/www.jpk.fr\/#\/schema\/logo\/image\/","url":"","contentUrl":"","caption":"JPK Composites"},"image":{"@id":"https:\/\/www.jpk.fr\/#\/schema\/logo\/image\/"}}]}},"_links":{"self":[{"href":"https:\/\/www.jpk.fr\/en\/wp-json\/wp\/v2\/pages\/8275","targetHints":{"allow":["GET"]}}],"collection":[{"href":"https:\/\/www.jpk.fr\/en\/wp-json\/wp\/v2\/pages"}],"about":[{"href":"https:\/\/www.jpk.fr\/en\/wp-json\/wp\/v2\/types\/page"}],"author":[{"embeddable":true,"href":"https:\/\/www.jpk.fr\/en\/wp-json\/wp\/v2\/users\/2"}],"replies":[{"embeddable":true,"href":"https:\/\/www.jpk.fr\/en\/wp-json\/wp\/v2\/comments?post=8275"}],"version-history":[{"count":0,"href":"https:\/\/www.jpk.fr\/en\/wp-json\/wp\/v2\/pages\/8275\/revisions"}],"wp:attachment":[{"href":"https:\/\/www.jpk.fr\/en\/wp-json\/wp\/v2\/media?parent=8275"}],"wp:term":[{"taxonomy":"modele","embeddable":true,"href":"https:\/\/www.jpk.fr\/en\/wp-json\/wp\/v2\/modele?post=8275"}],"curies":[{"name":"wp","href":"https:\/\/api.w.org\/{rel}","templated":true}]}}