{"id":6462,"date":"2022-01-12T15:23:41","date_gmt":"2022-01-12T14:23:41","guid":{"rendered":"https:\/\/www.jpk.fr\/?page_id=6462"},"modified":"2022-01-12T15:32:40","modified_gmt":"2022-01-12T14:32:40","slug":"succes-formulaire","status":"publish","type":"page","link":"https:\/\/www.jpk.fr\/en\/newsletter_old\/succes-formulaire\/","title":{"rendered":"Succ\u00e8s formulaire"},"content":{"rendered":"<div data-elementor-type=\"wp-page\" data-elementor-id=\"6462\" class=\"elementor elementor-6462\" data-elementor-post-type=\"page\">\n\t\t\t\t\t\t<section class=\"elementor-section elementor-top-section elementor-element elementor-element-9ea3285 elementor-section-boxed elementor-section-height-default elementor-section-height-default\" data-id=\"9ea3285\" data-element_type=\"section\" data-e-type=\"section\" data-settings=\"{&quot;background_background&quot;:&quot;classic&quot;}\">\n\t\t\t\t\t\t<div class=\"elementor-container elementor-column-gap-default\">\n\t\t\t\t\t<div class=\"elementor-column elementor-col-100 elementor-top-column elementor-element elementor-element-493a22db\" data-id=\"493a22db\" data-element_type=\"column\" data-e-type=\"column\">\n\t\t\t<div class=\"elementor-widget-wrap elementor-element-populated\">\n\t\t\t\t\t\t<div class=\"elementor-element elementor-element-48581f9f elementor-widget elementor-widget-spacer\" data-id=\"48581f9f\" data-element_type=\"widget\" data-e-type=\"widget\" data-widget_type=\"spacer.default\">\n\t\t\t\t<div class=\"elementor-widget-container\">\n\t\t\t\t\t\t\t<div class=\"elementor-spacer\">\n\t\t\t<div class=\"elementor-spacer-inner\"><\/div>\n\t\t<\/div>\n\t\t\t\t\t\t<\/div>\n\t\t\t\t<\/div>\n\t\t\t\t<div class=\"elementor-element elementor-element-64fe14c1 elementor-widget elementor-widget-heading\" data-id=\"64fe14c1\" data-element_type=\"widget\" data-e-type=\"widget\" data-widget_type=\"heading.default\">\n\t\t\t\t<div class=\"elementor-widget-container\">\n\t\t\t\t\t<h1 class=\"elementor-heading-title elementor-size-xxl\">I subscribe<\/h1>\t\t\t\t<\/div>\n\t\t\t\t<\/div>\n\t\t\t\t<div class=\"elementor-element elementor-element-562b3df8 elementor-widget elementor-widget-progress\" data-id=\"562b3df8\" data-element_type=\"widget\" data-e-type=\"widget\" data-widget_type=\"progress.default\">\n\t\t\t\t<div class=\"elementor-widget-container\">\n\t\t\t\t\t\n\t\t<div class=\"elementor-progress-wrapper\" role=\"progressbar\" aria-valuemin=\"0\" aria-valuemax=\"100\" aria-valuenow=\"100\" aria-valuetext=\"100% (Bravo ! Vous \u00eates d\u00e9sormais abonn\u00e9 \u00e0 la newsletter de JPK Composites.)\">\n\t\t\t<div class=\"elementor-progress-bar\" data-max=\"100\">\n\t\t\t\t<span class=\"elementor-progress-text\">Congratulations! You are now subscribed to the JPK Composites newsletter.<\/span>\n\t\t\t\t\t\t\t\t\t<span class=\"elementor-progress-percentage\">100%<\/span>\n\t\t\t\t\t\t\t<\/div>\n\t\t<\/div>\n\t\t\t\t\t\t<\/div>\n\t\t\t\t<\/div>\n\t\t\t\t\t<\/div>\n\t\t<\/div>\n\t\t\t\t\t<\/div>\n\t\t<\/section>\n\t\t\t\t<section class=\"elementor-section elementor-top-section elementor-element elementor-element-4cc512fe elementor-section-boxed elementor-section-height-default elementor-section-height-default\" data-id=\"4cc512fe\" data-element_type=\"section\" data-e-type=\"section\">\n\t\t\t\t\t\t<div class=\"elementor-container elementor-column-gap-default\">\n\t\t\t\t\t<div class=\"elementor-column elementor-col-100 elementor-top-column elementor-element elementor-element-3e457221\" data-id=\"3e457221\" data-element_type=\"column\" data-e-type=\"column\">\n\t\t\t<div class=\"elementor-widget-wrap elementor-element-populated\">\n\t\t\t\t\t\t<div class=\"elementor-element elementor-element-72b026f9 elementor-widget elementor-widget-global elementor-global-4205 elementor-widget-spacer\" data-id=\"72b026f9\" data-element_type=\"widget\" data-e-type=\"widget\" data-widget_type=\"spacer.default\">\n\t\t\t\t<div class=\"elementor-widget-container\">\n\t\t\t\t\t\t\t<div class=\"elementor-spacer\">\n\t\t\t<div class=\"elementor-spacer-inner\"><\/div>\n\t\t<\/div>\n\t\t\t\t\t\t<\/div>\n\t\t\t\t<\/div>\n\t\t\t\t\t<\/div>\n\t\t<\/div>\n\t\t\t\t\t<\/div>\n\t\t<\/section>\n\t\t\t\t<section class=\"elementor-section elementor-top-section elementor-element elementor-element-7b80666e elementor-section-boxed elementor-section-height-default elementor-section-height-default\" data-id=\"7b80666e\" data-element_type=\"section\" data-e-type=\"section\">\n\t\t\t\t\t\t<div class=\"elementor-container elementor-column-gap-default\">\n\t\t\t\t\t<div class=\"elementor-column elementor-col-100 elementor-top-column elementor-element elementor-element-30e8fdba\" data-id=\"30e8fdba\" data-element_type=\"column\" data-e-type=\"column\">\n\t\t\t<div class=\"elementor-widget-wrap elementor-element-populated\">\n\t\t\t\t\t\t<div class=\"elementor-element elementor-element-f00ce91 elementor-view-default elementor-position-block-start elementor-mobile-position-block-start elementor-widget elementor-widget-icon-box\" data-id=\"f00ce91\" data-element_type=\"widget\" data-e-type=\"widget\" data-widget_type=\"icon-box.default\">\n\t\t\t\t<div class=\"elementor-widget-container\">\n\t\t\t\t\t\t\t<div class=\"elementor-icon-box-wrapper\">\n\n\t\t\t\t\t\t<div class=\"elementor-icon-box-icon\">\n\t\t\t\t<span  class=\"elementor-icon\">\n\t\t\t\t<i aria-hidden=\"true\" class=\"far fa-check-circle\"><\/i>\t\t\t\t<\/span>\n\t\t\t<\/div>\n\t\t\t\n\t\t\t\t\t\t<div class=\"elementor-icon-box-content\">\n\n\t\t\t\t\t\t\t\t\t<h3 class=\"elementor-icon-box-title\">\n\t\t\t\t\t\t<span  >\n\t\t\t\t\t\t\tSee you soon in your mailbox!\t\t\t\t\t\t<\/span>\n\t\t\t\t\t<\/h3>\n\t\t\t\t\n\t\t\t\t\n\t\t\t<\/div>\n\t\t\t\n\t\t<\/div>\n\t\t\t\t\t\t<\/div>\n\t\t\t\t<\/div>\n\t\t\t\t<section class=\"elementor-section elementor-inner-section elementor-element elementor-element-c6bf51e elementor-section-boxed elementor-section-height-default elementor-section-height-default\" data-id=\"c6bf51e\" data-element_type=\"section\" data-e-type=\"section\">\n\t\t\t\t\t\t<div class=\"elementor-container elementor-column-gap-default\">\n\t\t\t\t\t<div class=\"elementor-column elementor-col-20 elementor-inner-column elementor-element elementor-element-301f4bb\" data-id=\"301f4bb\" data-element_type=\"column\" data-e-type=\"column\">\n\t\t\t<div class=\"elementor-widget-wrap\">\n\t\t\t\t\t\t\t<\/div>\n\t\t<\/div>\n\t\t\t\t<div class=\"elementor-column elementor-col-20 elementor-inner-column elementor-element elementor-element-e27d248\" data-id=\"e27d248\" data-element_type=\"column\" data-e-type=\"column\">\n\t\t\t<div class=\"elementor-widget-wrap elementor-element-populated\">\n\t\t\t\t\t\t<div class=\"elementor-element elementor-element-18b2f3b elementor-align-justify elementor-mobile-align-center elementor-widget elementor-widget-button\" data-id=\"18b2f3b\" data-element_type=\"widget\" data-e-type=\"widget\" data-widget_type=\"button.default\">\n\t\t\t\t<div class=\"elementor-widget-container\">\n\t\t\t\t\t\t\t\t\t<div class=\"elementor-button-wrapper\">\n\t\t\t\t\t<a class=\"elementor-button elementor-button-link elementor-size-xs\" href=\"https:\/\/www.jpk.fr\/en\/gamme\/\">\n\t\t\t\t\t\t<span class=\"elementor-button-content-wrapper\">\n\t\t\t\t\t\t<span class=\"elementor-button-icon\">\n\t\t\t\t<i aria-hidden=\"true\" class=\"fas fa-chevron-right\"><\/i>\t\t\t<\/span>\n\t\t\t\t\t\t\t\t\t<span class=\"elementor-button-text\">Our range<\/span>\n\t\t\t\t\t<\/span>\n\t\t\t\t\t<\/a>\n\t\t\t\t<\/div>\n\t\t\t\t\t\t\t\t<\/div>\n\t\t\t\t<\/div>\n\t\t\t\t\t<\/div>\n\t\t<\/div>\n\t\t\t\t<div class=\"elementor-column elementor-col-20 elementor-inner-column elementor-element elementor-element-22084c3\" data-id=\"22084c3\" data-element_type=\"column\" data-e-type=\"column\">\n\t\t\t<div class=\"elementor-widget-wrap elementor-element-populated\">\n\t\t\t\t\t\t<div class=\"elementor-element elementor-element-3d2d07f elementor-align-justify elementor-mobile-align-center elementor-widget elementor-widget-button\" data-id=\"3d2d07f\" data-element_type=\"widget\" data-e-type=\"widget\" data-widget_type=\"button.default\">\n\t\t\t\t<div class=\"elementor-widget-container\">\n\t\t\t\t\t\t\t\t\t<div class=\"elementor-button-wrapper\">\n\t\t\t\t\t<a class=\"elementor-button elementor-button-link elementor-size-xs\" href=\"https:\/\/www.jpk.fr\/en\/le-chantier\/\">\n\t\t\t\t\t\t<span class=\"elementor-button-content-wrapper\">\n\t\t\t\t\t\t<span class=\"elementor-button-icon\">\n\t\t\t\t<i aria-hidden=\"true\" class=\"fas fa-chevron-right\"><\/i>\t\t\t<\/span>\n\t\t\t\t\t\t\t\t\t<span class=\"elementor-button-text\">About us<\/span>\n\t\t\t\t\t<\/span>\n\t\t\t\t\t<\/a>\n\t\t\t\t<\/div>\n\t\t\t\t\t\t\t\t<\/div>\n\t\t\t\t<\/div>\n\t\t\t\t\t<\/div>\n\t\t<\/div>\n\t\t\t\t<div class=\"elementor-column elementor-col-20 elementor-inner-column elementor-element elementor-element-9895d0c\" data-id=\"9895d0c\" data-element_type=\"column\" data-e-type=\"column\">\n\t\t\t<div class=\"elementor-widget-wrap elementor-element-populated\">\n\t\t\t\t\t\t<div class=\"elementor-element elementor-element-de24702 elementor-align-justify elementor-mobile-align-center elementor-widget elementor-widget-button\" data-id=\"de24702\" data-element_type=\"widget\" data-e-type=\"widget\" data-widget_type=\"button.default\">\n\t\t\t\t<div class=\"elementor-widget-container\">\n\t\t\t\t\t\t\t\t\t<div class=\"elementor-button-wrapper\">\n\t\t\t\t\t<a class=\"elementor-button elementor-button-link elementor-size-xs\" href=\"https:\/\/www.jpk.fr\/en\/le-chantier\/histoire-du-chantier\/\">\n\t\t\t\t\t\t<span class=\"elementor-button-content-wrapper\">\n\t\t\t\t\t\t<span class=\"elementor-button-icon\">\n\t\t\t\t<i aria-hidden=\"true\" class=\"fas fa-chevron-right\"><\/i>\t\t\t<\/span>\n\t\t\t\t\t\t\t\t\t<span class=\"elementor-button-text\">Our story<\/span>\n\t\t\t\t\t<\/span>\n\t\t\t\t\t<\/a>\n\t\t\t\t<\/div>\n\t\t\t\t\t\t\t\t<\/div>\n\t\t\t\t<\/div>\n\t\t\t\t\t<\/div>\n\t\t<\/div>\n\t\t\t\t<div class=\"elementor-column elementor-col-20 elementor-inner-column elementor-element elementor-element-c2ee166\" data-id=\"c2ee166\" data-element_type=\"column\" data-e-type=\"column\">\n\t\t\t<div class=\"elementor-widget-wrap\">\n\t\t\t\t\t\t\t<\/div>\n\t\t<\/div>\n\t\t\t\t\t<\/div>\n\t\t<\/section>\n\t\t\t\t\t<\/div>\n\t\t<\/div>\n\t\t\t\t\t<\/div>\n\t\t<\/section>\n\t\t\t\t<section class=\"elementor-section elementor-top-section elementor-element elementor-element-5d300fd7 elementor-section-boxed elementor-section-height-default elementor-section-height-default\" data-id=\"5d300fd7\" data-element_type=\"section\" data-e-type=\"section\">\n\t\t\t\t\t\t<div class=\"elementor-container elementor-column-gap-default\">\n\t\t\t\t\t<div class=\"elementor-column elementor-col-100 elementor-top-column elementor-element elementor-element-2dc3bac0\" data-id=\"2dc3bac0\" data-element_type=\"column\" data-e-type=\"column\">\n\t\t\t<div class=\"elementor-widget-wrap elementor-element-populated\">\n\t\t\t\t\t\t<div class=\"elementor-element elementor-element-40b9e4f2 elementor-widget elementor-widget-global elementor-global-4205 elementor-widget-spacer\" data-id=\"40b9e4f2\" data-element_type=\"widget\" data-e-type=\"widget\" data-widget_type=\"spacer.default\">\n\t\t\t\t<div class=\"elementor-widget-container\">\n\t\t\t\t\t\t\t<div class=\"elementor-spacer\">\n\t\t\t<div class=\"elementor-spacer-inner\"><\/div>\n\t\t<\/div>\n\t\t\t\t\t\t<\/div>\n\t\t\t\t<\/div>\n\t\t\t\t\t<\/div>\n\t\t<\/div>\n\t\t\t\t\t<\/div>\n\t\t<\/section>\n\t\t\t\t<section class=\"elementor-section elementor-top-section elementor-element elementor-element-2a4a4b68 elementor-section-height-min-height elementor-section-boxed elementor-section-height-default elementor-section-items-middle\" data-id=\"2a4a4b68\" data-element_type=\"section\" data-e-type=\"section\" data-settings=\"{&quot;background_background&quot;:&quot;classic&quot;}\">\n\t\t\t\t\t\t<div class=\"elementor-container elementor-column-gap-default\">\n\t\t\t\t\t<div class=\"elementor-column elementor-col-100 elementor-top-column elementor-element elementor-element-41163bb3\" data-id=\"41163bb3\" data-element_type=\"column\" data-e-type=\"column\">\n\t\t\t<div class=\"elementor-widget-wrap\">\n\t\t\t\t\t\t\t<\/div>\n\t\t<\/div>\n\t\t\t\t\t<\/div>\n\t\t<\/section>\n\t\t\t\t<\/div>","protected":false},"excerpt":{"rendered":"<p>Je m&rsquo;abonne \u00e0 la newsletter Bravo ! Vous \u00eates d\u00e9sormais abonn\u00e9 \u00e0 la newsletter de JPK Composites. 100% \u00c0 bient\u00f4t dans votre bo\u00eete mail ! Notre gamme Le chantier Notre histoire<\/p>","protected":false},"author":2,"featured_media":0,"parent":6439,"menu_order":0,"comment_status":"closed","ping_status":"closed","template":"","meta":{"_acf_changed":false,"footnotes":""},"modele":[],"class_list":["post-6462","page","type-page","status-publish","hentry"],"acf":[],"yoast_head":"<!-- This site is optimized with the Yoast SEO plugin v27.4 - https:\/\/yoast.com\/product\/yoast-seo-wordpress\/ -->\n<title>Succ\u00e8s formulaire &#8212; JPK Composites<\/title>\n<meta name=\"robots\" content=\"index, follow, max-snippet:-1, max-image-preview:large, max-video-preview:-1\" \/>\n<link rel=\"canonical\" href=\"https:\/\/www.jpk.fr\/en\/newsletter\/succes-formulaire\/\" \/>\n<meta property=\"og:locale\" content=\"en_GB\" \/>\n<meta property=\"og:type\" content=\"article\" \/>\n<meta property=\"og:title\" content=\"Succ\u00e8s formulaire &#8212; JPK Composites\" \/>\n<meta property=\"og:description\" content=\"Je m&rsquo;abonne \u00e0 la newsletter Bravo ! Vous \u00eates d\u00e9sormais abonn\u00e9 \u00e0 la newsletter de JPK Composites. 100% \u00c0 bient\u00f4t dans votre bo\u00eete mail ! Notre gamme Le chantier Notre histoire\" \/>\n<meta property=\"og:url\" content=\"https:\/\/www.jpk.fr\/en\/newsletter\/succes-formulaire\/\" \/>\n<meta property=\"og:site_name\" content=\"JPK Composites\" \/>\n<meta property=\"article:modified_time\" content=\"2022-01-12T14:32:40+00:00\" \/>\n<meta name=\"twitter:card\" content=\"summary_large_image\" \/>\n<meta name=\"twitter:label1\" content=\"Estimated reading time\" \/>\n\t<meta name=\"twitter:data1\" content=\"1 minute\" \/>\n<script type=\"application\/ld+json\" class=\"yoast-schema-graph\">{\"@context\":\"https:\\\/\\\/schema.org\",\"@graph\":[{\"@type\":\"WebPage\",\"@id\":\"https:\\\/\\\/www.jpk.fr\\\/newsletter\\\/succes-formulaire\\\/\",\"url\":\"https:\\\/\\\/www.jpk.fr\\\/newsletter\\\/succes-formulaire\\\/\",\"name\":\"Succ\u00e8s formulaire &#8212; JPK Composites\",\"isPartOf\":{\"@id\":\"https:\\\/\\\/www.jpk.fr\\\/#website\"},\"datePublished\":\"2022-01-12T14:23:41+00:00\",\"dateModified\":\"2022-01-12T14:32:40+00:00\",\"breadcrumb\":{\"@id\":\"https:\\\/\\\/www.jpk.fr\\\/newsletter\\\/succes-formulaire\\\/#breadcrumb\"},\"inLanguage\":\"en-GB\",\"potentialAction\":[{\"@type\":\"ReadAction\",\"target\":[\"https:\\\/\\\/www.jpk.fr\\\/newsletter\\\/succes-formulaire\\\/\"]}]},{\"@type\":\"BreadcrumbList\",\"@id\":\"https:\\\/\\\/www.jpk.fr\\\/newsletter\\\/succes-formulaire\\\/#breadcrumb\",\"itemListElement\":[{\"@type\":\"ListItem\",\"position\":1,\"name\":\"Accueil\",\"item\":\"https:\\\/\\\/www.jpk.fr\\\/\"},{\"@type\":\"ListItem\",\"position\":2,\"name\":\"Newsletter\",\"item\":\"https:\\\/\\\/www.jpk.fr\\\/?page_id=6439\"},{\"@type\":\"ListItem\",\"position\":3,\"name\":\"Succ\u00e8s formulaire\"}]},{\"@type\":\"WebSite\",\"@id\":\"https:\\\/\\\/www.jpk.fr\\\/#website\",\"url\":\"https:\\\/\\\/www.jpk.fr\\\/\",\"name\":\"JPK Composites\",\"description\":\"JPK Composites d\u00e9veloppe avec une \u00e9quipe passionn\u00e9e des bateaux rapides, marins, et esth\u00e9tiques.\",\"publisher\":{\"@id\":\"https:\\\/\\\/www.jpk.fr\\\/#organization\"},\"potentialAction\":[{\"@type\":\"SearchAction\",\"target\":{\"@type\":\"EntryPoint\",\"urlTemplate\":\"https:\\\/\\\/www.jpk.fr\\\/?s={search_term_string}\"},\"query-input\":{\"@type\":\"PropertyValueSpecification\",\"valueRequired\":true,\"valueName\":\"search_term_string\"}}],\"inLanguage\":\"en-GB\"},{\"@type\":\"Organization\",\"@id\":\"https:\\\/\\\/www.jpk.fr\\\/#organization\",\"name\":\"JPK Composites\",\"url\":\"https:\\\/\\\/www.jpk.fr\\\/\",\"logo\":{\"@type\":\"ImageObject\",\"inLanguage\":\"en-GB\",\"@id\":\"https:\\\/\\\/www.jpk.fr\\\/#\\\/schema\\\/logo\\\/image\\\/\",\"url\":\"\",\"contentUrl\":\"\",\"caption\":\"JPK Composites\"},\"image\":{\"@id\":\"https:\\\/\\\/www.jpk.fr\\\/#\\\/schema\\\/logo\\\/image\\\/\"}}]}<\/script>\n<!-- \/ Yoast SEO plugin. -->","yoast_head_json":{"title":"Succ\u00e8s formulaire &#8212; JPK Composites","robots":{"index":"index","follow":"follow","max-snippet":"max-snippet:-1","max-image-preview":"max-image-preview:large","max-video-preview":"max-video-preview:-1"},"canonical":"https:\/\/www.jpk.fr\/en\/newsletter\/succes-formulaire\/","og_locale":"en_GB","og_type":"article","og_title":"Succ\u00e8s formulaire &#8212; JPK Composites","og_description":"Je m&rsquo;abonne \u00e0 la newsletter Bravo ! Vous \u00eates d\u00e9sormais abonn\u00e9 \u00e0 la newsletter de JPK Composites. 100% \u00c0 bient\u00f4t dans votre bo\u00eete mail ! Notre gamme Le chantier Notre histoire","og_url":"https:\/\/www.jpk.fr\/en\/newsletter\/succes-formulaire\/","og_site_name":"JPK Composites","article_modified_time":"2022-01-12T14:32:40+00:00","twitter_card":"summary_large_image","twitter_misc":{"Estimated reading time":"1 minute"},"schema":{"@context":"https:\/\/schema.org","@graph":[{"@type":"WebPage","@id":"https:\/\/www.jpk.fr\/newsletter\/succes-formulaire\/","url":"https:\/\/www.jpk.fr\/newsletter\/succes-formulaire\/","name":"Succ\u00e8s formulaire &#8212; JPK Composites","isPartOf":{"@id":"https:\/\/www.jpk.fr\/#website"},"datePublished":"2022-01-12T14:23:41+00:00","dateModified":"2022-01-12T14:32:40+00:00","breadcrumb":{"@id":"https:\/\/www.jpk.fr\/newsletter\/succes-formulaire\/#breadcrumb"},"inLanguage":"en-GB","potentialAction":[{"@type":"ReadAction","target":["https:\/\/www.jpk.fr\/newsletter\/succes-formulaire\/"]}]},{"@type":"BreadcrumbList","@id":"https:\/\/www.jpk.fr\/newsletter\/succes-formulaire\/#breadcrumb","itemListElement":[{"@type":"ListItem","position":1,"name":"Accueil","item":"https:\/\/www.jpk.fr\/"},{"@type":"ListItem","position":2,"name":"Newsletter","item":"https:\/\/www.jpk.fr\/?page_id=6439"},{"@type":"ListItem","position":3,"name":"Succ\u00e8s formulaire"}]},{"@type":"WebSite","@id":"https:\/\/www.jpk.fr\/#website","url":"https:\/\/www.jpk.fr\/","name":"JPK Composites","description":"JPK Composites d\u00e9veloppe avec une \u00e9quipe passionn\u00e9e des bateaux rapides, marins, et esth\u00e9tiques.","publisher":{"@id":"https:\/\/www.jpk.fr\/#organization"},"potentialAction":[{"@type":"SearchAction","target":{"@type":"EntryPoint","urlTemplate":"https:\/\/www.jpk.fr\/?s={search_term_string}"},"query-input":{"@type":"PropertyValueSpecification","valueRequired":true,"valueName":"search_term_string"}}],"inLanguage":"en-GB"},{"@type":"Organization","@id":"https:\/\/www.jpk.fr\/#organization","name":"JPK Composites","url":"https:\/\/www.jpk.fr\/","logo":{"@type":"ImageObject","inLanguage":"en-GB","@id":"https:\/\/www.jpk.fr\/#\/schema\/logo\/image\/","url":"","contentUrl":"","caption":"JPK Composites"},"image":{"@id":"https:\/\/www.jpk.fr\/#\/schema\/logo\/image\/"}}]}},"_links":{"self":[{"href":"https:\/\/www.jpk.fr\/en\/wp-json\/wp\/v2\/pages\/6462","targetHints":{"allow":["GET"]}}],"collection":[{"href":"https:\/\/www.jpk.fr\/en\/wp-json\/wp\/v2\/pages"}],"about":[{"href":"https:\/\/www.jpk.fr\/en\/wp-json\/wp\/v2\/types\/page"}],"author":[{"embeddable":true,"href":"https:\/\/www.jpk.fr\/en\/wp-json\/wp\/v2\/users\/2"}],"replies":[{"embeddable":true,"href":"https:\/\/www.jpk.fr\/en\/wp-json\/wp\/v2\/comments?post=6462"}],"version-history":[{"count":0,"href":"https:\/\/www.jpk.fr\/en\/wp-json\/wp\/v2\/pages\/6462\/revisions"}],"up":[{"embeddable":true,"href":"https:\/\/www.jpk.fr\/en\/wp-json\/wp\/v2\/pages\/6439"}],"wp:attachment":[{"href":"https:\/\/www.jpk.fr\/en\/wp-json\/wp\/v2\/media?parent=6462"}],"wp:term":[{"taxonomy":"modele","embeddable":true,"href":"https:\/\/www.jpk.fr\/en\/wp-json\/wp\/v2\/modele?post=6462"}],"curies":[{"name":"wp","href":"https:\/\/api.w.org\/{rel}","templated":true}]}}