{"id":5191,"date":"2021-12-15T09:32:35","date_gmt":"2021-12-15T08:32:35","guid":{"rendered":"https:\/\/dev.jpk.fr\/?page_id=5191"},"modified":"2021-12-15T09:35:48","modified_gmt":"2021-12-15T08:35:48","slug":"plan-du-site","status":"publish","type":"page","link":"https:\/\/www.jpk.fr\/en\/plan-du-site\/","title":{"rendered":"Sitemap"},"content":{"rendered":"<div data-elementor-type=\"wp-page\" data-elementor-id=\"5191\" class=\"elementor elementor-5191\" data-elementor-post-type=\"page\">\n\t\t\t\t\t\t<section class=\"elementor-section elementor-top-section elementor-element elementor-element-8c5a682 elementor-section-boxed elementor-section-height-default elementor-section-height-default\" data-id=\"8c5a682\" data-element_type=\"section\" data-e-type=\"section\">\n\t\t\t\t\t\t<div class=\"elementor-container elementor-column-gap-default\">\n\t\t\t\t\t<div class=\"elementor-column elementor-col-100 elementor-top-column elementor-element elementor-element-ac27438\" data-id=\"ac27438\" data-element_type=\"column\" data-e-type=\"column\">\n\t\t\t<div class=\"elementor-widget-wrap elementor-element-populated\">\n\t\t\t\t\t\t<div class=\"elementor-element elementor-element-db48bff elementor-widget elementor-widget-sitemap\" data-id=\"db48bff\" data-element_type=\"widget\" data-e-type=\"widget\" data-widget_type=\"sitemap.default\">\n\t\t\t\t<div class=\"elementor-widget-container\">\n\t\t\t\t\t<div class=\"elementor-sitemap-wrap\"><div class=\"elementor-sitemap-section\"><h2 class=\"elementor-sitemap-title elementor-sitemap-page-title\">Pages<\/h2><ul class=\"elementor-sitemap-list elementor-sitemap-page-list\"><li class=\"elementor-sitemap-item elementor-sitemap-item-page page_item page-item-11689\"><a href=\"https:\/\/www.jpk.fr\/en\/\">Home<\/a><\/li><li class=\"elementor-sitemap-item elementor-sitemap-item-page page_item page-item-12657\"><a href=\"https:\/\/www.jpk.fr\/en\/actus\/\">News<\/a><\/li><li class=\"elementor-sitemap-item elementor-sitemap-item-page page_item page-item-1388\"><a href=\"https:\/\/www.jpk.fr\/en\/chantier\/\">The shipyard<\/a><\/li><li class=\"elementor-sitemap-item elementor-sitemap-item-page page_item page-item-1675\"><a href=\"https:\/\/www.jpk.fr\/en\/contact\/\">Contact<\/a><\/li><li class=\"elementor-sitemap-item elementor-sitemap-item-page page_item page-item-1384\"><a href=\"https:\/\/www.jpk.fr\/en\/course\/\">Racing<\/a><\/li><li class=\"elementor-sitemap-item elementor-sitemap-item-page page_item page-item-16692\"><a href=\"https:\/\/www.jpk.fr\/en\/elementor-16692\/\">Elementor #16692<\/a><\/li><li class=\"elementor-sitemap-item elementor-sitemap-item-page page_item page-item-1526\"><a href=\"https:\/\/www.jpk.fr\/en\/gamme\/\">Our range<\/a><ul class='children'><li class=\"elementor-sitemap-item elementor-sitemap-item-page page_item page-item-2791\"><a href=\"https:\/\/www.jpk.fr\/en\/gamme\/jpk-1010\/\">JPK 1010<\/a><\/li><li class=\"elementor-sitemap-item elementor-sitemap-item-page page_item page-item-1556\"><a href=\"https:\/\/www.jpk.fr\/en\/gamme\/jpk-1030\/\">JPK 1030<\/a><\/li><li class=\"elementor-sitemap-item elementor-sitemap-item-page page_item page-item-11451\"><a href=\"https:\/\/www.jpk.fr\/en\/gamme\/jpk-1050\/\">JPK 1050<\/a><\/li><li class=\"elementor-sitemap-item elementor-sitemap-item-page page_item page-item-2905\"><a href=\"https:\/\/www.jpk.fr\/en\/gamme\/jpk-1080\/\">JPK 1080<\/a><\/li><li class=\"elementor-sitemap-item elementor-sitemap-item-page page_item page-item-2758\"><a href=\"https:\/\/www.jpk.fr\/en\/gamme\/jpk-110\/\">JPK 110<\/a><\/li><li class=\"elementor-sitemap-item elementor-sitemap-item-page page_item page-item-12803\"><a href=\"https:\/\/www.jpk.fr\/en\/gamme\/jpk-1180\/\">JPK 1180<\/a><\/li><li class=\"elementor-sitemap-item elementor-sitemap-item-page page_item page-item-2854\"><a href=\"https:\/\/www.jpk.fr\/en\/gamme\/jpk-38-fc\/\">JPK 38 FC<\/a><\/li><li class=\"elementor-sitemap-item elementor-sitemap-item-page page_item page-item-11638\"><a href=\"https:\/\/www.jpk.fr\/en\/gamme\/jpk-39-fc\/\">JPK 39 FC<\/a><\/li><li class=\"elementor-sitemap-item elementor-sitemap-item-page page_item page-item-12426\"><a href=\"https:\/\/www.jpk.fr\/en\/gamme\/jpk-45-fc\/\">JPK 45 FC<\/a><\/li><li class=\"elementor-sitemap-item elementor-sitemap-item-page page_item page-item-2712\"><a href=\"https:\/\/www.jpk.fr\/en\/gamme\/jpk-960\/\">JPK 960<\/a><\/li><li class=\"elementor-sitemap-item elementor-sitemap-item-page page_item page-item-11067\"><a href=\"https:\/\/www.jpk.fr\/en\/gamme\/jpk-nomad-40\/\">JPK Nomad 40<\/a><ul class='children'><li class=\"elementor-sitemap-item elementor-sitemap-item-page page_item page-item-9956\"><a href=\"https:\/\/www.jpk.fr\/en\/gamme\/jpk-nomad-40\/galerie-photo-du-jpk-nomad-40\/\">JPK Nomad 40 photo gallery<\/a><\/li><\/ul><\/li><\/ul><\/li><li class=\"elementor-sitemap-item elementor-sitemap-item-page page_item page-item-14540\"><a href=\"https:\/\/www.jpk.fr\/en\/newsletter\/\">Inscription \u00e0 la newsletter 2025<\/a><\/li><li class=\"elementor-sitemap-item elementor-sitemap-item-page page_item page-item-2095\"><a href=\"https:\/\/www.jpk.fr\/en\/le-chantier\/\">About us<\/a><ul class='children'><li class=\"elementor-sitemap-item elementor-sitemap-item-page page_item page-item-3207\"><a href=\"https:\/\/www.jpk.fr\/en\/le-chantier\/histoire-du-chantier\/\">The story of the yard<\/a><\/li><li class=\"elementor-sitemap-item elementor-sitemap-item-page page_item page-item-3833\"><a href=\"https:\/\/www.jpk.fr\/en\/le-chantier\/la-technique-jpk\/\">The JPK technique<\/a><\/li><\/ul><\/li><li class=\"elementor-sitemap-item elementor-sitemap-item-page page_item page-item-1297\"><a href=\"https:\/\/www.jpk.fr\/en\/mentions-legales\/\">Terms of use (in french)<\/a><\/li><li class=\"elementor-sitemap-item elementor-sitemap-item-page page_item page-item-14120\"><a href=\"https:\/\/www.jpk.fr\/en\/occasion\/\">Boats for sale<\/a><\/li><li class=\"elementor-sitemap-item elementor-sitemap-item-page page_item page-item-11765\"><a href=\"https:\/\/www.jpk.fr\/en\/recrutement\/\">Job offers<\/a><\/li><li class=\"elementor-sitemap-item elementor-sitemap-item-page page_item page-item-8275\"><a href=\"https:\/\/www.jpk.fr\/en\/options-jpk-1030\/\">Options JPK 1030<\/a><\/li><li class=\"elementor-sitemap-item elementor-sitemap-item-page page_item page-item-8150\"><a href=\"https:\/\/www.jpk.fr\/en\/options-jpk-39-fc\/\">Options JPK 39 FC<\/a><\/li><li class=\"elementor-sitemap-item elementor-sitemap-item-page page_item page-item-8210\"><a href=\"https:\/\/www.jpk.fr\/en\/options-jpk-45-fc\/\">Options JPK 45 FC<\/a><\/li><li class=\"elementor-sitemap-item elementor-sitemap-item-page page_item page-item-15628\"><a href=\"https:\/\/www.jpk.fr\/en\/politique-de-confidentialite\/\">Politique de confidentialit\u00e9<\/a><\/li><li class=\"elementor-sitemap-item elementor-sitemap-item-page page_item page-item-15609\"><a href=\"https:\/\/www.jpk.fr\/en\/politique-de-cookies-ue\/\">Politique de cookies (UE)<\/a><\/li><li class=\"elementor-sitemap-item elementor-sitemap-item-page page_item page-item-1386\"><a href=\"https:\/\/www.jpk.fr\/en\/croisiere\/\">Travelling and cruising<\/a><\/li><li class=\"elementor-sitemap-item elementor-sitemap-item-page page_item page-item-6518\"><a href=\"https:\/\/www.jpk.fr\/en\/newsletter_old\/autre\/\">Formulaire Autre<\/a><\/li><li class=\"elementor-sitemap-item elementor-sitemap-item-page page_item page-item-6335\"><a href=\"https:\/\/www.jpk.fr\/en\/newsletter_old\/newsletter-client\/\">Formulaire Client<\/a><\/li><li class=\"elementor-sitemap-item elementor-sitemap-item-page page_item page-item-6512\"><a href=\"https:\/\/www.jpk.fr\/en\/newsletter_old\/presse\/\">Formulaire Presse<\/a><\/li><li class=\"elementor-sitemap-item elementor-sitemap-item-page page_item page-item-6495\"><a href=\"https:\/\/www.jpk.fr\/en\/newsletter_old\/pro\/\">Formulaire Pro<\/a><\/li><li class=\"elementor-sitemap-item elementor-sitemap-item-page page_item page-item-6502\"><a href=\"https:\/\/www.jpk.fr\/en\/newsletter_old\/relation\/\">Formulaire Relation<\/a><\/li><li class=\"elementor-sitemap-item elementor-sitemap-item-page page_item page-item-6462\"><a href=\"https:\/\/www.jpk.fr\/en\/newsletter_old\/succes-formulaire\/\">Succ\u00e8s formulaire<\/a><\/li><\/ul><\/div><div class=\"elementor-sitemap-section\"><h2 class=\"elementor-sitemap-title elementor-sitemap-category-title\">Cat\u00e9gories d'articles<\/h2><ul class=\"elementor-sitemap-list elementor-sitemap-category-list\">\t<li class=\"elementor-sitemap-item elementor-sitemap-item-category cat-item cat-item-10\"><a href=\"https:\/\/www.jpk.fr\/en\/category\/chantier\/\">The shipyard<\/a>\n<\/li>\n\t<li class=\"elementor-sitemap-item elementor-sitemap-item-category cat-item cat-item-8\"><a href=\"https:\/\/www.jpk.fr\/en\/category\/course\/\">Racing<\/a>\n<\/li>\n\t<li class=\"elementor-sitemap-item elementor-sitemap-item-category cat-item cat-item-28\"><a href=\"https:\/\/www.jpk.fr\/en\/category\/presse\/\">Press<\/a>\n<\/li>\n\t<li class=\"elementor-sitemap-item elementor-sitemap-item-category cat-item cat-item-31\"><a href=\"https:\/\/www.jpk.fr\/en\/category\/croisiere\/\">Travelling and cruising<\/a>\n<\/li>\n<\/ul><\/div><\/div>\t\t\t\t<\/div>\n\t\t\t\t<\/div>\n\t\t\t\t\t<\/div>\n\t\t<\/div>\n\t\t\t\t\t<\/div>\n\t\t<\/section>\n\t\t\t\t<\/div>","protected":false},"excerpt":{"rendered":"","protected":false},"author":2,"featured_media":0,"parent":0,"menu_order":0,"comment_status":"closed","ping_status":"closed","template":"","meta":{"_acf_changed":false,"footnotes":""},"modele":[],"class_list":["post-5191","page","type-page","status-publish","hentry"],"acf":[],"yoast_head":"<!-- This site is optimized with the Yoast SEO plugin v27.4 - https:\/\/yoast.com\/product\/yoast-seo-wordpress\/ -->\n<title>Plan du site &#8212; JPK Composites<\/title>\n<meta name=\"robots\" content=\"index, follow, max-snippet:-1, max-image-preview:large, max-video-preview:-1\" \/>\n<link rel=\"canonical\" href=\"https:\/\/www.jpk.fr\/en\/plan-du-site\/\" \/>\n<meta property=\"og:locale\" content=\"en_GB\" \/>\n<meta property=\"og:type\" content=\"article\" \/>\n<meta property=\"og:title\" content=\"Plan du site &#8212; JPK Composites\" \/>\n<meta property=\"og:url\" content=\"https:\/\/www.jpk.fr\/en\/plan-du-site\/\" \/>\n<meta property=\"og:site_name\" content=\"JPK Composites\" \/>\n<meta property=\"article:modified_time\" content=\"2021-12-15T08:35:48+00:00\" \/>\n<meta name=\"twitter:card\" content=\"summary_large_image\" \/>\n<meta name=\"twitter:label1\" content=\"Estimated reading time\" \/>\n\t<meta name=\"twitter:data1\" content=\"1 minute\" \/>\n<script type=\"application\/ld+json\" class=\"yoast-schema-graph\">{\"@context\":\"https:\\\/\\\/schema.org\",\"@graph\":[{\"@type\":\"WebPage\",\"@id\":\"https:\\\/\\\/www.jpk.fr\\\/plan-du-site\\\/\",\"url\":\"https:\\\/\\\/www.jpk.fr\\\/plan-du-site\\\/\",\"name\":\"Plan du site &#8212; JPK Composites\",\"isPartOf\":{\"@id\":\"https:\\\/\\\/www.jpk.fr\\\/#website\"},\"datePublished\":\"2021-12-15T08:32:35+00:00\",\"dateModified\":\"2021-12-15T08:35:48+00:00\",\"breadcrumb\":{\"@id\":\"https:\\\/\\\/www.jpk.fr\\\/plan-du-site\\\/#breadcrumb\"},\"inLanguage\":\"en-GB\",\"potentialAction\":[{\"@type\":\"ReadAction\",\"target\":[\"https:\\\/\\\/www.jpk.fr\\\/plan-du-site\\\/\"]}]},{\"@type\":\"BreadcrumbList\",\"@id\":\"https:\\\/\\\/www.jpk.fr\\\/plan-du-site\\\/#breadcrumb\",\"itemListElement\":[{\"@type\":\"ListItem\",\"position\":1,\"name\":\"Accueil\",\"item\":\"https:\\\/\\\/www.jpk.fr\\\/\"},{\"@type\":\"ListItem\",\"position\":2,\"name\":\"Plan du site\"}]},{\"@type\":\"WebSite\",\"@id\":\"https:\\\/\\\/www.jpk.fr\\\/#website\",\"url\":\"https:\\\/\\\/www.jpk.fr\\\/\",\"name\":\"JPK Composites\",\"description\":\"JPK Composites d\u00e9veloppe avec une \u00e9quipe passionn\u00e9e des bateaux rapides, marins, et esth\u00e9tiques.\",\"publisher\":{\"@id\":\"https:\\\/\\\/www.jpk.fr\\\/#organization\"},\"potentialAction\":[{\"@type\":\"SearchAction\",\"target\":{\"@type\":\"EntryPoint\",\"urlTemplate\":\"https:\\\/\\\/www.jpk.fr\\\/?s={search_term_string}\"},\"query-input\":{\"@type\":\"PropertyValueSpecification\",\"valueRequired\":true,\"valueName\":\"search_term_string\"}}],\"inLanguage\":\"en-GB\"},{\"@type\":\"Organization\",\"@id\":\"https:\\\/\\\/www.jpk.fr\\\/#organization\",\"name\":\"JPK Composites\",\"url\":\"https:\\\/\\\/www.jpk.fr\\\/\",\"logo\":{\"@type\":\"ImageObject\",\"inLanguage\":\"en-GB\",\"@id\":\"https:\\\/\\\/www.jpk.fr\\\/#\\\/schema\\\/logo\\\/image\\\/\",\"url\":\"\",\"contentUrl\":\"\",\"caption\":\"JPK Composites\"},\"image\":{\"@id\":\"https:\\\/\\\/www.jpk.fr\\\/#\\\/schema\\\/logo\\\/image\\\/\"}}]}<\/script>\n<!-- \/ Yoast SEO plugin. -->","yoast_head_json":{"title":"Plan du site &#8212; JPK Composites","robots":{"index":"index","follow":"follow","max-snippet":"max-snippet:-1","max-image-preview":"max-image-preview:large","max-video-preview":"max-video-preview:-1"},"canonical":"https:\/\/www.jpk.fr\/en\/plan-du-site\/","og_locale":"en_GB","og_type":"article","og_title":"Plan du site &#8212; JPK Composites","og_url":"https:\/\/www.jpk.fr\/en\/plan-du-site\/","og_site_name":"JPK Composites","article_modified_time":"2021-12-15T08:35:48+00:00","twitter_card":"summary_large_image","twitter_misc":{"Estimated reading time":"1 minute"},"schema":{"@context":"https:\/\/schema.org","@graph":[{"@type":"WebPage","@id":"https:\/\/www.jpk.fr\/plan-du-site\/","url":"https:\/\/www.jpk.fr\/plan-du-site\/","name":"Plan du site &#8212; JPK Composites","isPartOf":{"@id":"https:\/\/www.jpk.fr\/#website"},"datePublished":"2021-12-15T08:32:35+00:00","dateModified":"2021-12-15T08:35:48+00:00","breadcrumb":{"@id":"https:\/\/www.jpk.fr\/plan-du-site\/#breadcrumb"},"inLanguage":"en-GB","potentialAction":[{"@type":"ReadAction","target":["https:\/\/www.jpk.fr\/plan-du-site\/"]}]},{"@type":"BreadcrumbList","@id":"https:\/\/www.jpk.fr\/plan-du-site\/#breadcrumb","itemListElement":[{"@type":"ListItem","position":1,"name":"Accueil","item":"https:\/\/www.jpk.fr\/"},{"@type":"ListItem","position":2,"name":"Plan du site"}]},{"@type":"WebSite","@id":"https:\/\/www.jpk.fr\/#website","url":"https:\/\/www.jpk.fr\/","name":"JPK Composites","description":"JPK Composites d\u00e9veloppe avec une \u00e9quipe passionn\u00e9e des bateaux rapides, marins, et esth\u00e9tiques.","publisher":{"@id":"https:\/\/www.jpk.fr\/#organization"},"potentialAction":[{"@type":"SearchAction","target":{"@type":"EntryPoint","urlTemplate":"https:\/\/www.jpk.fr\/?s={search_term_string}"},"query-input":{"@type":"PropertyValueSpecification","valueRequired":true,"valueName":"search_term_string"}}],"inLanguage":"en-GB"},{"@type":"Organization","@id":"https:\/\/www.jpk.fr\/#organization","name":"JPK Composites","url":"https:\/\/www.jpk.fr\/","logo":{"@type":"ImageObject","inLanguage":"en-GB","@id":"https:\/\/www.jpk.fr\/#\/schema\/logo\/image\/","url":"","contentUrl":"","caption":"JPK Composites"},"image":{"@id":"https:\/\/www.jpk.fr\/#\/schema\/logo\/image\/"}}]}},"_links":{"self":[{"href":"https:\/\/www.jpk.fr\/en\/wp-json\/wp\/v2\/pages\/5191","targetHints":{"allow":["GET"]}}],"collection":[{"href":"https:\/\/www.jpk.fr\/en\/wp-json\/wp\/v2\/pages"}],"about":[{"href":"https:\/\/www.jpk.fr\/en\/wp-json\/wp\/v2\/types\/page"}],"author":[{"embeddable":true,"href":"https:\/\/www.jpk.fr\/en\/wp-json\/wp\/v2\/users\/2"}],"replies":[{"embeddable":true,"href":"https:\/\/www.jpk.fr\/en\/wp-json\/wp\/v2\/comments?post=5191"}],"version-history":[{"count":0,"href":"https:\/\/www.jpk.fr\/en\/wp-json\/wp\/v2\/pages\/5191\/revisions"}],"wp:attachment":[{"href":"https:\/\/www.jpk.fr\/en\/wp-json\/wp\/v2\/media?parent=5191"}],"wp:term":[{"taxonomy":"modele","embeddable":true,"href":"https:\/\/www.jpk.fr\/en\/wp-json\/wp\/v2\/modele?post=5191"}],"curies":[{"name":"wp","href":"https:\/\/api.w.org\/{rel}","templated":true}]}}