{"id":16848,"date":"2026-04-20T12:08:43","date_gmt":"2026-04-20T10:08:43","guid":{"rendered":"https:\/\/www.jpk.fr\/?page_id=16848"},"modified":"2026-04-20T14:48:55","modified_gmt":"2026-04-20T12:48:55","slug":"cartographie-de-la-cap-martinique-2026","status":"publish","type":"page","link":"https:\/\/www.jpk.fr\/en\/cartographie-de-la-cap-martinique-2026\/","title":{"rendered":"Cartographie de la Cap Martinique 2026"},"content":{"rendered":"<div data-elementor-type=\"wp-page\" data-elementor-id=\"16848\" class=\"elementor elementor-16848\" data-elementor-post-type=\"page\">\n\t\t\t\t<div class=\"elementor-element elementor-element-382a7df e-con-full animated-slow e-flex elementor-invisible e-con e-parent\" data-id=\"382a7df\" data-element_type=\"container\" data-e-type=\"container\" data-settings=\"{&quot;animation&quot;:&quot;fadeIn&quot;}\">\n\t\t\t\t<div class=\"elementor-element elementor-element-9c8eab7 elementor-widget elementor-widget-html\" data-id=\"9c8eab7\" data-element_type=\"widget\" data-e-type=\"widget\" id=\"myIframe\" data-widget_type=\"html.default\">\n\t\t\t\t<div class=\"elementor-widget-container\">\n\t\t\t\t\t<style>\r\n  html, body {\r\n    overflow-y: hidden !important;\r\n    overflow-x: hidden !important;\r\n    height: 100% !important;\r\n    margin: 0 !important;\r\n    padding: 0 !important;\r\n  }\r\n<\/style>\r\n\r\n<style>\r\n  .elementor-widget-html {\r\n    margin: 0 !important;\r\n    padding: 0 !important;\r\n  }\r\n\r\n  #geovoile-wrapper {\r\n    width: 100%;\r\n    height: calc(100svh - 80px); \/* valeur de secours si le header n'est pas trouv\u00e9 *\/\r\n    margin: 0;\r\n    padding: 0;\r\n    overflow: hidden;\r\n  }\r\n\r\n  #geovoile-iframe {\r\n    width: 100% !important;\r\n    height: 100% !important;\r\n    border: none !important;\r\n    display: block !important;\r\n  }\r\n<\/style>\r\n\r\n<div id=\"geovoile-wrapper\">\r\n  <iframe \r\n    id=\"geovoile-iframe\" \r\n    src=\"https:\/\/cap-martinique.geovoile.com\/2026\/viewer\/\" \r\n    allowfullscreen>\r\n  <\/iframe>\r\n<\/div>\r\n\r\n<script>\r\n  function resizeGeovoileIframe() {\r\n    const wrapper = document.getElementById('geovoile-wrapper');\r\n    const iframe = document.getElementById('geovoile-iframe');\r\n    const header = document.getElementById('header-v2');\r\n\r\n    if (!wrapper || !iframe) return;\r\n\r\n    let headerHeight = 0;\r\n\r\n    \/\/ R\u00e9cup\u00e8re la hauteur r\u00e9elle du header si l'\u00e9l\u00e9ment existe\r\n    if (header) {\r\n      headerHeight = header.offsetHeight;   \/\/ inclut padding + border\r\n    }\r\n\r\n    \/\/ Hauteur finale = 100svh - hauteur du header\r\n    const finalHeight = window.innerHeight - headerHeight;\r\n\r\n    wrapper.style.height = finalHeight + 'px';\r\n    iframe.style.height = finalHeight + 'px';\r\n  }\r\n\r\n  \/\/ Lancement multiple pour bien passer apr\u00e8s le chargement d'Elementor\r\n  resizeGeovoileIframe();\r\n  window.addEventListener('load', resizeGeovoileIframe);\r\n  window.addEventListener('resize', resizeGeovoileIframe);\r\n\r\n  \/\/ S\u00e9curit\u00e9 suppl\u00e9mentaire (Elementor charge parfois en plusieurs \u00e9tapes)\r\n  setTimeout(resizeGeovoileIframe, 300);\r\n  setTimeout(resizeGeovoileIframe, 800);\r\n  setTimeout(resizeGeovoileIframe, 1500);\r\n<\/script>\t\t\t\t<\/div>\n\t\t\t\t<\/div>\n\t\t\t\t<\/div>\n\t\t\t\t<\/div>","protected":false},"excerpt":{"rendered":"","protected":false},"author":2,"featured_media":16902,"parent":0,"menu_order":0,"comment_status":"closed","ping_status":"closed","template":"","meta":{"_acf_changed":false,"footnotes":""},"modele":[],"class_list":["post-16848","page","type-page","status-publish","has-post-thumbnail","hentry"],"acf":[],"yoast_head":"<!-- This site is optimized with the Yoast SEO plugin v27.4 - https:\/\/yoast.com\/product\/yoast-seo-wordpress\/ -->\n<title>Cartographie de la Cap Martinique 2026 &#8212; JPK Composites<\/title>\n<meta name=\"description\" content=\"Suivez les concurrents de la Cap Martinique, en solo et en double, sur la cartographie et le classement de la course.\" \/>\n<meta name=\"robots\" content=\"index, follow, max-snippet:-1, max-image-preview:large, max-video-preview:-1\" \/>\n<link rel=\"canonical\" href=\"https:\/\/www.jpk.fr\/en\/cartographie-de-la-cap-martinique-2026\/\" \/>\n<meta property=\"og:locale\" content=\"en_GB\" \/>\n<meta property=\"og:type\" content=\"article\" \/>\n<meta property=\"og:title\" content=\"Cartographie de la Cap Martinique 2026 &#8212; JPK Composites\" \/>\n<meta property=\"og:description\" content=\"Suivez les concurrents de la Cap Martinique, en solo et en double, sur la cartographie et le classement de la course.\" \/>\n<meta property=\"og:url\" content=\"https:\/\/www.jpk.fr\/en\/cartographie-de-la-cap-martinique-2026\/\" \/>\n<meta property=\"og:site_name\" content=\"JPK Composites\" \/>\n<meta property=\"article:modified_time\" content=\"2026-04-20T12:48:55+00:00\" \/>\n<meta property=\"og:image\" content=\"https:\/\/www.jpk.fr\/wp-content\/uploads\/2026\/04\/Capture-decran-2026-04-20-144801.jpg\" \/>\n\t<meta property=\"og:image:width\" content=\"1554\" \/>\n\t<meta property=\"og:image:height\" content=\"917\" \/>\n\t<meta property=\"og:image:type\" content=\"image\/jpeg\" \/>\n<meta name=\"twitter:card\" content=\"summary_large_image\" \/>\n<meta name=\"twitter:label1\" content=\"Estimated reading time\" \/>\n\t<meta name=\"twitter:data1\" content=\"1 minute\" \/>\n<script type=\"application\/ld+json\" class=\"yoast-schema-graph\">{\"@context\":\"https:\\\/\\\/schema.org\",\"@graph\":[{\"@type\":\"WebPage\",\"@id\":\"https:\\\/\\\/www.jpk.fr\\\/cartographie-de-la-cap-martinique-2026\\\/\",\"url\":\"https:\\\/\\\/www.jpk.fr\\\/cartographie-de-la-cap-martinique-2026\\\/\",\"name\":\"Cartographie de la Cap Martinique 2026 &#8212; JPK Composites\",\"isPartOf\":{\"@id\":\"https:\\\/\\\/www.jpk.fr\\\/#website\"},\"primaryImageOfPage\":{\"@id\":\"https:\\\/\\\/www.jpk.fr\\\/cartographie-de-la-cap-martinique-2026\\\/#primaryimage\"},\"image\":{\"@id\":\"https:\\\/\\\/www.jpk.fr\\\/cartographie-de-la-cap-martinique-2026\\\/#primaryimage\"},\"thumbnailUrl\":\"https:\\\/\\\/www.jpk.fr\\\/wp-content\\\/uploads\\\/2026\\\/04\\\/Capture-decran-2026-04-20-144801.jpg\",\"datePublished\":\"2026-04-20T10:08:43+00:00\",\"dateModified\":\"2026-04-20T12:48:55+00:00\",\"description\":\"Suivez les concurrents de la Cap Martinique, en solo et en double, sur la cartographie et le classement de la course.\",\"breadcrumb\":{\"@id\":\"https:\\\/\\\/www.jpk.fr\\\/cartographie-de-la-cap-martinique-2026\\\/#breadcrumb\"},\"inLanguage\":\"en-GB\",\"potentialAction\":[{\"@type\":\"ReadAction\",\"target\":[\"https:\\\/\\\/www.jpk.fr\\\/cartographie-de-la-cap-martinique-2026\\\/\"]}]},{\"@type\":\"ImageObject\",\"inLanguage\":\"en-GB\",\"@id\":\"https:\\\/\\\/www.jpk.fr\\\/cartographie-de-la-cap-martinique-2026\\\/#primaryimage\",\"url\":\"https:\\\/\\\/www.jpk.fr\\\/wp-content\\\/uploads\\\/2026\\\/04\\\/Capture-decran-2026-04-20-144801.jpg\",\"contentUrl\":\"https:\\\/\\\/www.jpk.fr\\\/wp-content\\\/uploads\\\/2026\\\/04\\\/Capture-decran-2026-04-20-144801.jpg\",\"width\":1554,\"height\":917,\"caption\":\"Capture d'\u00e9cran de la cartographie officielle de la Cap Martinique 2026, avec les vents affich\u00e9s\"},{\"@type\":\"BreadcrumbList\",\"@id\":\"https:\\\/\\\/www.jpk.fr\\\/cartographie-de-la-cap-martinique-2026\\\/#breadcrumb\",\"itemListElement\":[{\"@type\":\"ListItem\",\"position\":1,\"name\":\"Accueil\",\"item\":\"https:\\\/\\\/www.jpk.fr\\\/\"},{\"@type\":\"ListItem\",\"position\":2,\"name\":\"Cartographie de la Cap Martinique 2026\"}]},{\"@type\":\"WebSite\",\"@id\":\"https:\\\/\\\/www.jpk.fr\\\/#website\",\"url\":\"https:\\\/\\\/www.jpk.fr\\\/\",\"name\":\"JPK Composites\",\"description\":\"JPK Composites d\u00e9veloppe avec une \u00e9quipe passionn\u00e9e des bateaux rapides, marins, et esth\u00e9tiques.\",\"publisher\":{\"@id\":\"https:\\\/\\\/www.jpk.fr\\\/#organization\"},\"potentialAction\":[{\"@type\":\"SearchAction\",\"target\":{\"@type\":\"EntryPoint\",\"urlTemplate\":\"https:\\\/\\\/www.jpk.fr\\\/?s={search_term_string}\"},\"query-input\":{\"@type\":\"PropertyValueSpecification\",\"valueRequired\":true,\"valueName\":\"search_term_string\"}}],\"inLanguage\":\"en-GB\"},{\"@type\":\"Organization\",\"@id\":\"https:\\\/\\\/www.jpk.fr\\\/#organization\",\"name\":\"JPK Composites\",\"url\":\"https:\\\/\\\/www.jpk.fr\\\/\",\"logo\":{\"@type\":\"ImageObject\",\"inLanguage\":\"en-GB\",\"@id\":\"https:\\\/\\\/www.jpk.fr\\\/#\\\/schema\\\/logo\\\/image\\\/\",\"url\":\"\",\"contentUrl\":\"\",\"caption\":\"JPK Composites\"},\"image\":{\"@id\":\"https:\\\/\\\/www.jpk.fr\\\/#\\\/schema\\\/logo\\\/image\\\/\"}}]}<\/script>\n<!-- \/ Yoast SEO plugin. -->","yoast_head_json":{"title":"Cartographie de la Cap Martinique 2026 &#8212; JPK Composites","description":"Suivez les concurrents de la Cap Martinique, en solo et en double, sur la cartographie et le classement de la course.","robots":{"index":"index","follow":"follow","max-snippet":"max-snippet:-1","max-image-preview":"max-image-preview:large","max-video-preview":"max-video-preview:-1"},"canonical":"https:\/\/www.jpk.fr\/en\/cartographie-de-la-cap-martinique-2026\/","og_locale":"en_GB","og_type":"article","og_title":"Cartographie de la Cap Martinique 2026 &#8212; JPK Composites","og_description":"Suivez les concurrents de la Cap Martinique, en solo et en double, sur la cartographie et le classement de la course.","og_url":"https:\/\/www.jpk.fr\/en\/cartographie-de-la-cap-martinique-2026\/","og_site_name":"JPK Composites","article_modified_time":"2026-04-20T12:48:55+00:00","og_image":[{"width":1554,"height":917,"url":"https:\/\/www.jpk.fr\/wp-content\/uploads\/2026\/04\/Capture-decran-2026-04-20-144801.jpg","type":"image\/jpeg"}],"twitter_card":"summary_large_image","twitter_misc":{"Estimated reading time":"1 minute"},"schema":{"@context":"https:\/\/schema.org","@graph":[{"@type":"WebPage","@id":"https:\/\/www.jpk.fr\/cartographie-de-la-cap-martinique-2026\/","url":"https:\/\/www.jpk.fr\/cartographie-de-la-cap-martinique-2026\/","name":"Cartographie de la Cap Martinique 2026 &#8212; JPK Composites","isPartOf":{"@id":"https:\/\/www.jpk.fr\/#website"},"primaryImageOfPage":{"@id":"https:\/\/www.jpk.fr\/cartographie-de-la-cap-martinique-2026\/#primaryimage"},"image":{"@id":"https:\/\/www.jpk.fr\/cartographie-de-la-cap-martinique-2026\/#primaryimage"},"thumbnailUrl":"https:\/\/www.jpk.fr\/wp-content\/uploads\/2026\/04\/Capture-decran-2026-04-20-144801.jpg","datePublished":"2026-04-20T10:08:43+00:00","dateModified":"2026-04-20T12:48:55+00:00","description":"Suivez les concurrents de la Cap Martinique, en solo et en double, sur la cartographie et le classement de la course.","breadcrumb":{"@id":"https:\/\/www.jpk.fr\/cartographie-de-la-cap-martinique-2026\/#breadcrumb"},"inLanguage":"en-GB","potentialAction":[{"@type":"ReadAction","target":["https:\/\/www.jpk.fr\/cartographie-de-la-cap-martinique-2026\/"]}]},{"@type":"ImageObject","inLanguage":"en-GB","@id":"https:\/\/www.jpk.fr\/cartographie-de-la-cap-martinique-2026\/#primaryimage","url":"https:\/\/www.jpk.fr\/wp-content\/uploads\/2026\/04\/Capture-decran-2026-04-20-144801.jpg","contentUrl":"https:\/\/www.jpk.fr\/wp-content\/uploads\/2026\/04\/Capture-decran-2026-04-20-144801.jpg","width":1554,"height":917,"caption":"Capture d'\u00e9cran de la cartographie officielle de la Cap Martinique 2026, avec les vents affich\u00e9s"},{"@type":"BreadcrumbList","@id":"https:\/\/www.jpk.fr\/cartographie-de-la-cap-martinique-2026\/#breadcrumb","itemListElement":[{"@type":"ListItem","position":1,"name":"Accueil","item":"https:\/\/www.jpk.fr\/"},{"@type":"ListItem","position":2,"name":"Cartographie de la Cap Martinique 2026"}]},{"@type":"WebSite","@id":"https:\/\/www.jpk.fr\/#website","url":"https:\/\/www.jpk.fr\/","name":"JPK Composites","description":"JPK Composites d\u00e9veloppe avec une \u00e9quipe passionn\u00e9e des bateaux rapides, marins, et esth\u00e9tiques.","publisher":{"@id":"https:\/\/www.jpk.fr\/#organization"},"potentialAction":[{"@type":"SearchAction","target":{"@type":"EntryPoint","urlTemplate":"https:\/\/www.jpk.fr\/?s={search_term_string}"},"query-input":{"@type":"PropertyValueSpecification","valueRequired":true,"valueName":"search_term_string"}}],"inLanguage":"en-GB"},{"@type":"Organization","@id":"https:\/\/www.jpk.fr\/#organization","name":"JPK Composites","url":"https:\/\/www.jpk.fr\/","logo":{"@type":"ImageObject","inLanguage":"en-GB","@id":"https:\/\/www.jpk.fr\/#\/schema\/logo\/image\/","url":"","contentUrl":"","caption":"JPK Composites"},"image":{"@id":"https:\/\/www.jpk.fr\/#\/schema\/logo\/image\/"}}]}},"_links":{"self":[{"href":"https:\/\/www.jpk.fr\/en\/wp-json\/wp\/v2\/pages\/16848","targetHints":{"allow":["GET"]}}],"collection":[{"href":"https:\/\/www.jpk.fr\/en\/wp-json\/wp\/v2\/pages"}],"about":[{"href":"https:\/\/www.jpk.fr\/en\/wp-json\/wp\/v2\/types\/page"}],"author":[{"embeddable":true,"href":"https:\/\/www.jpk.fr\/en\/wp-json\/wp\/v2\/users\/2"}],"replies":[{"embeddable":true,"href":"https:\/\/www.jpk.fr\/en\/wp-json\/wp\/v2\/comments?post=16848"}],"version-history":[{"count":32,"href":"https:\/\/www.jpk.fr\/en\/wp-json\/wp\/v2\/pages\/16848\/revisions"}],"predecessor-version":[{"id":16903,"href":"https:\/\/www.jpk.fr\/en\/wp-json\/wp\/v2\/pages\/16848\/revisions\/16903"}],"wp:featuredmedia":[{"embeddable":true,"href":"https:\/\/www.jpk.fr\/en\/wp-json\/wp\/v2\/media\/16902"}],"wp:attachment":[{"href":"https:\/\/www.jpk.fr\/en\/wp-json\/wp\/v2\/media?parent=16848"}],"wp:term":[{"taxonomy":"modele","embeddable":true,"href":"https:\/\/www.jpk.fr\/en\/wp-json\/wp\/v2\/modele?post=16848"}],"curies":[{"name":"wp","href":"https:\/\/api.w.org\/{rel}","templated":true}]}}