{"id":16692,"date":"2026-04-01T15:49:16","date_gmt":"2026-04-01T13:49:16","guid":{"rendered":"https:\/\/www.jpk.fr\/?page_id=16692"},"modified":"2026-04-01T15:51:44","modified_gmt":"2026-04-01T13:51:44","slug":"elementor-16692","status":"publish","type":"page","link":"https:\/\/www.jpk.fr\/en\/elementor-16692\/","title":{"rendered":"Elementor #16692"},"content":{"rendered":"<div data-elementor-type=\"wp-post\" data-elementor-id=\"16692\" class=\"elementor elementor-16692\" data-elementor-post-type=\"page\">\n\t\t\t\t\t\t<div class=\"elementor-element elementor-element-4924da4 e-con e-atomic-element e-flexbox-base e-4924da4-8b33c61 test-section\" data-id=\"4924da4\" data-element_type=\"e-flexbox\" data-e-type=\"e-flexbox\" data-interaction-id=\"4924da4\">\n\t\t\t\t\t\t\t<h2 \n\t\tdata-interaction-id=\"a410387\" \n\t\tclass=\"e-heading-base\" \n\t\t \n\t\tdata-e-type=\"widget\" data-id=\"a410387\"\n\t>\n\t\n\t\t\tThis is a title\n\t\t<\/h2>\n\t\t\t\t\t\t\t\t<p class=\"e-1c4f118-263d9f2 e-paragraph-base\" data-interaction-id=\"1c4f118\"  data-e-type=\"widget\" data-id=\"1c4f118\">\n\t\t\t\t\t\t\t\tType your paragraph here\n\t\t\t\t\t<\/p>\n\t\t\t\t<\/div>\n\t\t\t\t<div class=\"elementor-element elementor-element-dfcde50 e-con e-atomic-element e-flexbox-base test-section\" data-id=\"dfcde50\" data-element_type=\"e-flexbox\" data-e-type=\"e-flexbox\" data-interaction-id=\"dfcde50\">\n\t\t\t\t<\/div>\n\t\t\t\t<\/div>","protected":false},"excerpt":{"rendered":"<p>Ceci est un titre Saisissez ici votre paragraphe<\/p>","protected":false},"author":2,"featured_media":0,"parent":0,"menu_order":0,"comment_status":"closed","ping_status":"closed","template":"","meta":{"_acf_changed":false,"footnotes":""},"modele":[],"class_list":["post-16692","page","type-page","status-publish","hentry"],"acf":[],"yoast_head":"<!-- This site is optimized with the Yoast SEO plugin v27.4 - https:\/\/yoast.com\/product\/yoast-seo-wordpress\/ -->\n<title>Elementor #16692 &#8212; JPK Composites<\/title>\n<meta name=\"robots\" content=\"index, follow, max-snippet:-1, max-image-preview:large, max-video-preview:-1\" \/>\n<link rel=\"canonical\" href=\"https:\/\/www.jpk.fr\/en\/elementor-16692\/\" \/>\n<meta property=\"og:locale\" content=\"en_GB\" \/>\n<meta property=\"og:type\" content=\"article\" \/>\n<meta property=\"og:title\" content=\"Elementor #16692 &#8212; JPK Composites\" \/>\n<meta property=\"og:description\" content=\"Ceci est un titre Saisissez ici votre paragraphe\" \/>\n<meta property=\"og:url\" content=\"https:\/\/www.jpk.fr\/en\/elementor-16692\/\" \/>\n<meta property=\"og:site_name\" content=\"JPK Composites\" \/>\n<meta property=\"article:modified_time\" content=\"2026-04-01T13:51:44+00:00\" \/>\n<meta name=\"twitter:card\" content=\"summary_large_image\" \/>\n<meta name=\"twitter:label1\" content=\"Estimated reading time\" \/>\n\t<meta name=\"twitter:data1\" content=\"1 minute\" \/>\n<script type=\"application\/ld+json\" class=\"yoast-schema-graph\">{\"@context\":\"https:\\\/\\\/schema.org\",\"@graph\":[{\"@type\":\"WebPage\",\"@id\":\"https:\\\/\\\/www.jpk.fr\\\/elementor-16692\\\/\",\"url\":\"https:\\\/\\\/www.jpk.fr\\\/elementor-16692\\\/\",\"name\":\"Elementor #16692 &#8212; JPK Composites\",\"isPartOf\":{\"@id\":\"https:\\\/\\\/www.jpk.fr\\\/#website\"},\"datePublished\":\"2026-04-01T13:49:16+00:00\",\"dateModified\":\"2026-04-01T13:51:44+00:00\",\"breadcrumb\":{\"@id\":\"https:\\\/\\\/www.jpk.fr\\\/elementor-16692\\\/#breadcrumb\"},\"inLanguage\":\"en-GB\",\"potentialAction\":[{\"@type\":\"ReadAction\",\"target\":[\"https:\\\/\\\/www.jpk.fr\\\/elementor-16692\\\/\"]}]},{\"@type\":\"BreadcrumbList\",\"@id\":\"https:\\\/\\\/www.jpk.fr\\\/elementor-16692\\\/#breadcrumb\",\"itemListElement\":[{\"@type\":\"ListItem\",\"position\":1,\"name\":\"Accueil\",\"item\":\"https:\\\/\\\/www.jpk.fr\\\/\"},{\"@type\":\"ListItem\",\"position\":2,\"name\":\"Elementor #16692\"}]},{\"@type\":\"WebSite\",\"@id\":\"https:\\\/\\\/www.jpk.fr\\\/#website\",\"url\":\"https:\\\/\\\/www.jpk.fr\\\/\",\"name\":\"JPK Composites\",\"description\":\"JPK Composites d\u00e9veloppe avec une \u00e9quipe passionn\u00e9e des bateaux rapides, marins, et esth\u00e9tiques.\",\"publisher\":{\"@id\":\"https:\\\/\\\/www.jpk.fr\\\/#organization\"},\"potentialAction\":[{\"@type\":\"SearchAction\",\"target\":{\"@type\":\"EntryPoint\",\"urlTemplate\":\"https:\\\/\\\/www.jpk.fr\\\/?s={search_term_string}\"},\"query-input\":{\"@type\":\"PropertyValueSpecification\",\"valueRequired\":true,\"valueName\":\"search_term_string\"}}],\"inLanguage\":\"en-GB\"},{\"@type\":\"Organization\",\"@id\":\"https:\\\/\\\/www.jpk.fr\\\/#organization\",\"name\":\"JPK Composites\",\"url\":\"https:\\\/\\\/www.jpk.fr\\\/\",\"logo\":{\"@type\":\"ImageObject\",\"inLanguage\":\"en-GB\",\"@id\":\"https:\\\/\\\/www.jpk.fr\\\/#\\\/schema\\\/logo\\\/image\\\/\",\"url\":\"\",\"contentUrl\":\"\",\"caption\":\"JPK Composites\"},\"image\":{\"@id\":\"https:\\\/\\\/www.jpk.fr\\\/#\\\/schema\\\/logo\\\/image\\\/\"}}]}<\/script>\n<!-- \/ Yoast SEO plugin. -->","yoast_head_json":{"title":"Elementor #16692 &#8212; JPK Composites","robots":{"index":"index","follow":"follow","max-snippet":"max-snippet:-1","max-image-preview":"max-image-preview:large","max-video-preview":"max-video-preview:-1"},"canonical":"https:\/\/www.jpk.fr\/en\/elementor-16692\/","og_locale":"en_GB","og_type":"article","og_title":"Elementor #16692 &#8212; JPK Composites","og_description":"Ceci est un titre Saisissez ici votre paragraphe","og_url":"https:\/\/www.jpk.fr\/en\/elementor-16692\/","og_site_name":"JPK Composites","article_modified_time":"2026-04-01T13:51:44+00:00","twitter_card":"summary_large_image","twitter_misc":{"Estimated reading time":"1 minute"},"schema":{"@context":"https:\/\/schema.org","@graph":[{"@type":"WebPage","@id":"https:\/\/www.jpk.fr\/elementor-16692\/","url":"https:\/\/www.jpk.fr\/elementor-16692\/","name":"Elementor #16692 &#8212; JPK Composites","isPartOf":{"@id":"https:\/\/www.jpk.fr\/#website"},"datePublished":"2026-04-01T13:49:16+00:00","dateModified":"2026-04-01T13:51:44+00:00","breadcrumb":{"@id":"https:\/\/www.jpk.fr\/elementor-16692\/#breadcrumb"},"inLanguage":"en-GB","potentialAction":[{"@type":"ReadAction","target":["https:\/\/www.jpk.fr\/elementor-16692\/"]}]},{"@type":"BreadcrumbList","@id":"https:\/\/www.jpk.fr\/elementor-16692\/#breadcrumb","itemListElement":[{"@type":"ListItem","position":1,"name":"Accueil","item":"https:\/\/www.jpk.fr\/"},{"@type":"ListItem","position":2,"name":"Elementor #16692"}]},{"@type":"WebSite","@id":"https:\/\/www.jpk.fr\/#website","url":"https:\/\/www.jpk.fr\/","name":"JPK Composites","description":"JPK Composites d\u00e9veloppe avec une \u00e9quipe passionn\u00e9e des bateaux rapides, marins, et esth\u00e9tiques.","publisher":{"@id":"https:\/\/www.jpk.fr\/#organization"},"potentialAction":[{"@type":"SearchAction","target":{"@type":"EntryPoint","urlTemplate":"https:\/\/www.jpk.fr\/?s={search_term_string}"},"query-input":{"@type":"PropertyValueSpecification","valueRequired":true,"valueName":"search_term_string"}}],"inLanguage":"en-GB"},{"@type":"Organization","@id":"https:\/\/www.jpk.fr\/#organization","name":"JPK Composites","url":"https:\/\/www.jpk.fr\/","logo":{"@type":"ImageObject","inLanguage":"en-GB","@id":"https:\/\/www.jpk.fr\/#\/schema\/logo\/image\/","url":"","contentUrl":"","caption":"JPK Composites"},"image":{"@id":"https:\/\/www.jpk.fr\/#\/schema\/logo\/image\/"}}]}},"_links":{"self":[{"href":"https:\/\/www.jpk.fr\/en\/wp-json\/wp\/v2\/pages\/16692","targetHints":{"allow":["GET"]}}],"collection":[{"href":"https:\/\/www.jpk.fr\/en\/wp-json\/wp\/v2\/pages"}],"about":[{"href":"https:\/\/www.jpk.fr\/en\/wp-json\/wp\/v2\/types\/page"}],"author":[{"embeddable":true,"href":"https:\/\/www.jpk.fr\/en\/wp-json\/wp\/v2\/users\/2"}],"replies":[{"embeddable":true,"href":"https:\/\/www.jpk.fr\/en\/wp-json\/wp\/v2\/comments?post=16692"}],"version-history":[{"count":4,"href":"https:\/\/www.jpk.fr\/en\/wp-json\/wp\/v2\/pages\/16692\/revisions"}],"predecessor-version":[{"id":16696,"href":"https:\/\/www.jpk.fr\/en\/wp-json\/wp\/v2\/pages\/16692\/revisions\/16696"}],"wp:attachment":[{"href":"https:\/\/www.jpk.fr\/en\/wp-json\/wp\/v2\/media?parent=16692"}],"wp:term":[{"taxonomy":"modele","embeddable":true,"href":"https:\/\/www.jpk.fr\/en\/wp-json\/wp\/v2\/modele?post=16692"}],"curies":[{"name":"wp","href":"https:\/\/api.w.org\/{rel}","templated":true}]}}