{"id":14540,"date":"2025-11-13T10:08:34","date_gmt":"2025-11-13T09:08:34","guid":{"rendered":"https:\/\/www.jpk.fr\/?page_id=14540"},"modified":"2025-11-14T09:30:22","modified_gmt":"2025-11-14T08:30:22","slug":"newsletter","status":"publish","type":"page","link":"https:\/\/www.jpk.fr\/en\/newsletter\/","title":{"rendered":"Inscription \u00e0 la newsletter 2025"},"content":{"rendered":"\t\t<div data-elementor-type=\"wp-page\" data-elementor-id=\"14540\" class=\"elementor elementor-14540\" data-elementor-post-type=\"page\">\n\t\t\t\t<div class=\"elementor-element elementor-element-15c6f307 e-flex e-con-boxed e-con e-parent\" data-id=\"15c6f307\" data-element_type=\"container\" data-e-type=\"container\" data-settings=\"{&quot;background_background&quot;:&quot;classic&quot;}\">\n\t\t\t\t\t<div class=\"e-con-inner\">\n\t\t<div class=\"elementor-element elementor-element-4f918281 e-con-full e-flex e-con e-child\" data-id=\"4f918281\" data-element_type=\"container\" data-e-type=\"container\">\n\t\t\t\t<div class=\"elementor-element elementor-element-794c199f elementor-widget elementor-widget-heading\" data-id=\"794c199f\" data-element_type=\"widget\" data-e-type=\"widget\" data-widget_type=\"heading.default\">\n\t\t\t\t<div class=\"elementor-widget-container\">\n\t\t\t\t\t<h2 class=\"elementor-heading-title elementor-size-default\">La newsletter du chantier<\/h2>\t\t\t\t<\/div>\n\t\t\t\t<\/div>\n\t\t\t\t<div class=\"elementor-element elementor-element-3507b98b elementor-widget elementor-widget-text-editor\" data-id=\"3507b98b\" data-element_type=\"widget\" data-e-type=\"widget\" data-widget_type=\"text-editor.default\">\n\t\t\t\t<div class=\"elementor-widget-container\">\n\t\t\t\t\t\t\t\t\t<p>Retrouvez dans votre bo\u00eete mail nos nouveaut\u00e9s, les victoires marquantes de nos bateaux, notre pr\u00e9sence aux \u00e9v\u00e9nements du nautisme, et plus. Abonnez-vous ci-dessous en deux \u00e9tapes simples !<\/p>\t\t\t\t\t\t\t\t<\/div>\n\t\t\t\t<\/div>\n\t\t\t\t<div class=\"elementor-element elementor-element-2de397c elementor-button-align-stretch elementor-widget elementor-widget-form\" data-id=\"2de397c\" data-element_type=\"widget\" data-e-type=\"widget\" data-settings=\"{&quot;step_next_label&quot;:&quot;Suivant&quot;,&quot;step_previous_label&quot;:&quot;Pr\\u00e9c\\u00e9dent&quot;,&quot;step_type&quot;:&quot;none&quot;,&quot;step_icon_shape&quot;:&quot;none&quot;,&quot;button_width&quot;:&quot;50&quot;}\" data-widget_type=\"form.default\">\n\t\t\t\t<div class=\"elementor-widget-container\">\n\t\t\t\t\t\t\t<form class=\"elementor-form\" method=\"post\" id=\"newsletter2025\" name=\"Nouveau formulaire\" aria-label=\"Nouveau formulaire\" novalidate=\"\">\n\t\t\t<input type=\"hidden\" name=\"post_id\" value=\"14540\"\/>\n\t\t\t<input type=\"hidden\" name=\"form_id\" value=\"2de397c\"\/>\n\t\t\t<input type=\"hidden\" name=\"referer_title\" value=\"JPK Composites\" \/>\n\n\t\t\t\n\t\t\t<div class=\"elementor-form-fields-wrapper elementor-labels-above\">\n\t\t\t\t\t\t\t\t<div class=\"elementor-field-type-text elementor-field-group elementor-column elementor-field-group-name elementor-col-50 elementor-field-required\">\n\t\t\t\t\t\t\t\t\t\t\t\t<label for=\"form-field-name\" class=\"elementor-field-label\">\n\t\t\t\t\t\t\t\tPr\u00e9nom et nom\t\t\t\t\t\t\t<\/label>\n\t\t\t\t\t\t\t\t\t\t\t\t\t\t<input size=\"1\" type=\"text\" name=\"form_fields[name]\" id=\"form-field-name\" class=\"elementor-field elementor-size-sm  elementor-field-textual\" placeholder=\"Pr\u00e9nom et nom\" required=\"required\">\n\t\t\t\t\t\t\t\t\t\t\t<\/div>\n\t\t\t\t\t\t\t\t<div class=\"elementor-field-type-email elementor-field-group elementor-column elementor-field-group-email elementor-col-50 elementor-field-required\">\n\t\t\t\t\t\t\t\t\t\t\t\t<label for=\"form-field-email\" class=\"elementor-field-label\">\n\t\t\t\t\t\t\t\tE-mail\t\t\t\t\t\t\t<\/label>\n\t\t\t\t\t\t\t\t\t\t\t\t\t\t<input size=\"1\" type=\"email\" name=\"form_fields[email]\" id=\"form-field-email\" class=\"elementor-field elementor-size-sm  elementor-field-textual\" placeholder=\"E-mail\" required=\"required\">\n\t\t\t\t\t\t\t\t\t\t\t<\/div>\n\t\t\t\t\t\t\t\t<div class=\"elementor-field-type-select elementor-field-group elementor-column elementor-field-group-tag elementor-col-50 elementor-field-required\">\n\t\t\t\t\t\t\t\t\t\t\t\t<label for=\"form-field-tag\" class=\"elementor-field-label\">\n\t\t\t\t\t\t\t\tJe suis ...\t\t\t\t\t\t\t<\/label>\n\t\t\t\t\t\t\t\t<div class=\"elementor-field elementor-select-wrapper remove-before \">\n\t\t\t<div class=\"select-caret-down-wrapper\">\n\t\t\t\t<i aria-hidden=\"true\" class=\"eicon-caret-down\"><\/i>\t\t\t<\/div>\n\t\t\t<select name=\"form_fields[tag]\" id=\"form-field-tag\" class=\"elementor-field-textual elementor-size-sm\" required=\"required\">\n\t\t\t\t\t\t\t\t\t<option value=\"Client\">Client<\/option>\n\t\t\t\t\t\t\t\t\t<option value=\"Relation\">Relation<\/option>\n\t\t\t\t\t\t\t\t\t<option value=\"Presse\">Presse<\/option>\n\t\t\t\t\t\t\t\t\t<option value=\"Fournisseur\">Fournisseur<\/option>\n\t\t\t\t\t\t\t\t\t<option value=\"Juste int\u00e9ress\u00e9\" selected=\"selected\">Juste int\u00e9ress\u00e9<\/option>\n\t\t\t\t\t\t\t<\/select>\n\t\t<\/div>\n\t\t\t\t\t\t<\/div>\n\t\t\t\t\t\t\t\t<div class=\"elementor-field-group elementor-column elementor-field-type-submit elementor-col-50 e-form__buttons\">\n\t\t\t\t\t<button class=\"elementor-button elementor-size-sm\" type=\"submit\">\n\t\t\t\t\t\t<span class=\"elementor-button-content-wrapper\">\n\t\t\t\t\t\t\t\t\t\t\t\t\t\t\t<span class=\"elementor-button-icon\">\n\t\t\t\t\t\t\t\t\t<i aria-hidden=\"true\" class=\"material-icons md-mail_outline\" data-md-icon=\"mail_outline\"><\/i>\t\t\t\t\t\t\t\t\t\t\t\t\t\t\t\t\t<\/span>\n\t\t\t\t\t\t\t\t\t\t\t\t\t\t\t\t\t\t\t\t\t\t<span class=\"elementor-button-text\">Je m'inscris<\/span>\n\t\t\t\t\t\t\t\t\t\t\t\t\t<\/span>\n\t\t\t\t\t<\/button>\n\t\t\t\t<\/div>\n\t\t\t<\/div>\n\t\t<\/form>\n\t\t\t\t\t\t<\/div>\n\t\t\t\t<\/div>\n\t\t\t\t<div class=\"elementor-element elementor-element-5e2f61af elementor-widget elementor-widget-image\" data-id=\"5e2f61af\" data-element_type=\"widget\" data-e-type=\"widget\" data-widget_type=\"image.default\">\n\t\t\t\t<div class=\"elementor-widget-container\">\n\t\t\t\t\t\t\t\t\t\t\t\t\t\t\t<img fetchpriority=\"high\" decoding=\"async\" width=\"800\" height=\"213\" src=\"https:\/\/www.jpk.fr\/wp-content\/uploads\/2025\/11\/newsletter-illustration-line-art-paper-plane.png\" class=\"attachment-large size-large wp-image-14366\" alt=\"\" srcset=\"https:\/\/www.jpk.fr\/wp-content\/uploads\/2025\/11\/newsletter-illustration-line-art-paper-plane.png 1024w, https:\/\/www.jpk.fr\/wp-content\/uploads\/2025\/11\/newsletter-illustration-line-art-paper-plane-300x80.png 300w, https:\/\/www.jpk.fr\/wp-content\/uploads\/2025\/11\/newsletter-illustration-line-art-paper-plane-150x40.png 150w, https:\/\/www.jpk.fr\/wp-content\/uploads\/2025\/11\/newsletter-illustration-line-art-paper-plane-768x205.png 768w, https:\/\/www.jpk.fr\/wp-content\/uploads\/2025\/11\/newsletter-illustration-line-art-paper-plane-18x5.png 18w\" sizes=\"(max-width: 800px) 100vw, 800px\" \/>\t\t\t\t\t\t\t\t\t\t\t\t\t\t\t<\/div>\n\t\t\t\t<\/div>\n\t\t\t\t<\/div>\n\t\t\t\t\t<\/div>\n\t\t\t\t<\/div>\n\t\t\t\t<\/div>\n\t\t","protected":false},"excerpt":{"rendered":"<p>La newsletter du chantier Retrouvez dans votre bo\u00eete mail nos nouveaut\u00e9s, les victoires marquantes de nos bateaux, notre pr\u00e9sence aux \u00e9v\u00e9nements du nautisme, et plus. Abonnez-vous ci-dessous en deux \u00e9tapes simples !<\/p>","protected":false},"author":2,"featured_media":0,"parent":0,"menu_order":0,"comment_status":"closed","ping_status":"closed","template":"","meta":{"_acf_changed":false,"footnotes":""},"modele":[],"class_list":["post-14540","page","type-page","status-publish","hentry"],"acf":[],"yoast_head":"<!-- This site is optimized with the Yoast SEO plugin v27.4 - https:\/\/yoast.com\/product\/yoast-seo-wordpress\/ -->\n<title>S&#039;inscrire \u00e0 la newsletter du chantier &#8212; JPK Composites<\/title>\n<meta name=\"description\" content=\"Retrouvez dans votre bo\u00eete mail nos nouveaut\u00e9s, les victoires marquantes de nos bateaux, notre pr\u00e9sence aux \u00e9v\u00e9nements du nautisme, et plus.\" \/>\n<meta name=\"robots\" content=\"index, follow, max-snippet:-1, max-image-preview:large, max-video-preview:-1\" \/>\n<link rel=\"canonical\" href=\"https:\/\/www.jpk.fr\/en\/newsletter\/\" \/>\n<meta property=\"og:locale\" content=\"en_GB\" \/>\n<meta property=\"og:type\" content=\"article\" \/>\n<meta property=\"og:title\" content=\"S&#039;inscrire \u00e0 la newsletter du chantier &#8212; JPK Composites\" \/>\n<meta property=\"og:description\" content=\"Retrouvez dans votre bo\u00eete mail nos nouveaut\u00e9s, les victoires marquantes de nos bateaux, notre pr\u00e9sence aux \u00e9v\u00e9nements du nautisme, et plus.\" \/>\n<meta property=\"og:url\" content=\"https:\/\/www.jpk.fr\/en\/newsletter\/\" \/>\n<meta property=\"og:site_name\" content=\"JPK Composites\" \/>\n<meta property=\"article:modified_time\" content=\"2025-11-14T08:30:22+00:00\" \/>\n<meta property=\"og:image\" content=\"https:\/\/www.jpk.fr\/wp-content\/uploads\/2025\/11\/newsletter-illustration-line-art-paper-plane.png\" \/>\n\t<meta property=\"og:image:width\" content=\"1024\" \/>\n\t<meta property=\"og:image:height\" content=\"273\" \/>\n\t<meta property=\"og:image:type\" content=\"image\/png\" \/>\n<meta name=\"twitter:card\" content=\"summary_large_image\" \/>\n<meta name=\"twitter:label1\" content=\"Estimated reading time\" \/>\n\t<meta name=\"twitter:data1\" content=\"1 minute\" \/>\n<script type=\"application\/ld+json\" class=\"yoast-schema-graph\">{\"@context\":\"https:\\\/\\\/schema.org\",\"@graph\":[{\"@type\":\"WebPage\",\"@id\":\"https:\\\/\\\/www.jpk.fr\\\/newsletter\\\/\",\"url\":\"https:\\\/\\\/www.jpk.fr\\\/newsletter\\\/\",\"name\":\"S'inscrire \u00e0 la newsletter du chantier &#8212; JPK Composites\",\"isPartOf\":{\"@id\":\"https:\\\/\\\/www.jpk.fr\\\/#website\"},\"primaryImageOfPage\":{\"@id\":\"https:\\\/\\\/www.jpk.fr\\\/newsletter\\\/#primaryimage\"},\"image\":{\"@id\":\"https:\\\/\\\/www.jpk.fr\\\/newsletter\\\/#primaryimage\"},\"thumbnailUrl\":\"https:\\\/\\\/www.jpk.fr\\\/wp-content\\\/uploads\\\/2025\\\/11\\\/newsletter-illustration-line-art-paper-plane.png\",\"datePublished\":\"2025-11-13T09:08:34+00:00\",\"dateModified\":\"2025-11-14T08:30:22+00:00\",\"description\":\"Retrouvez dans votre bo\u00eete mail nos nouveaut\u00e9s, les victoires marquantes de nos bateaux, notre pr\u00e9sence aux \u00e9v\u00e9nements du nautisme, et plus.\",\"breadcrumb\":{\"@id\":\"https:\\\/\\\/www.jpk.fr\\\/newsletter\\\/#breadcrumb\"},\"inLanguage\":\"en-GB\",\"potentialAction\":[{\"@type\":\"ReadAction\",\"target\":[\"https:\\\/\\\/www.jpk.fr\\\/newsletter\\\/\"]}]},{\"@type\":\"ImageObject\",\"inLanguage\":\"en-GB\",\"@id\":\"https:\\\/\\\/www.jpk.fr\\\/newsletter\\\/#primaryimage\",\"url\":\"https:\\\/\\\/www.jpk.fr\\\/wp-content\\\/uploads\\\/2025\\\/11\\\/newsletter-illustration-line-art-paper-plane.png\",\"contentUrl\":\"https:\\\/\\\/www.jpk.fr\\\/wp-content\\\/uploads\\\/2025\\\/11\\\/newsletter-illustration-line-art-paper-plane.png\"},{\"@type\":\"BreadcrumbList\",\"@id\":\"https:\\\/\\\/www.jpk.fr\\\/newsletter\\\/#breadcrumb\",\"itemListElement\":[{\"@type\":\"ListItem\",\"position\":1,\"name\":\"Accueil\",\"item\":\"https:\\\/\\\/www.jpk.fr\\\/\"},{\"@type\":\"ListItem\",\"position\":2,\"name\":\"Inscription \u00e0 la newsletter 2025\"}]},{\"@type\":\"WebSite\",\"@id\":\"https:\\\/\\\/www.jpk.fr\\\/#website\",\"url\":\"https:\\\/\\\/www.jpk.fr\\\/\",\"name\":\"JPK Composites\",\"description\":\"JPK Composites d\u00e9veloppe avec une \u00e9quipe passionn\u00e9e des bateaux rapides, marins, et esth\u00e9tiques.\",\"publisher\":{\"@id\":\"https:\\\/\\\/www.jpk.fr\\\/#organization\"},\"potentialAction\":[{\"@type\":\"SearchAction\",\"target\":{\"@type\":\"EntryPoint\",\"urlTemplate\":\"https:\\\/\\\/www.jpk.fr\\\/?s={search_term_string}\"},\"query-input\":{\"@type\":\"PropertyValueSpecification\",\"valueRequired\":true,\"valueName\":\"search_term_string\"}}],\"inLanguage\":\"en-GB\"},{\"@type\":\"Organization\",\"@id\":\"https:\\\/\\\/www.jpk.fr\\\/#organization\",\"name\":\"JPK Composites\",\"url\":\"https:\\\/\\\/www.jpk.fr\\\/\",\"logo\":{\"@type\":\"ImageObject\",\"inLanguage\":\"en-GB\",\"@id\":\"https:\\\/\\\/www.jpk.fr\\\/#\\\/schema\\\/logo\\\/image\\\/\",\"url\":\"\",\"contentUrl\":\"\",\"caption\":\"JPK Composites\"},\"image\":{\"@id\":\"https:\\\/\\\/www.jpk.fr\\\/#\\\/schema\\\/logo\\\/image\\\/\"}}]}<\/script>\n<!-- \/ Yoast SEO plugin. -->","yoast_head_json":{"title":"S'inscrire \u00e0 la newsletter du chantier &#8212; JPK Composites","description":"Receive our latest news in your mailbox, the most important victories of our boats, our presence at nautical events, and more.","robots":{"index":"index","follow":"follow","max-snippet":"max-snippet:-1","max-image-preview":"max-image-preview:large","max-video-preview":"max-video-preview:-1"},"canonical":"https:\/\/www.jpk.fr\/en\/newsletter\/","og_locale":"en_GB","og_type":"article","og_title":"S'inscrire \u00e0 la newsletter du chantier &#8212; JPK Composites","og_description":"Retrouvez dans votre bo\u00eete mail nos nouveaut\u00e9s, les victoires marquantes de nos bateaux, notre pr\u00e9sence aux \u00e9v\u00e9nements du nautisme, et plus.","og_url":"https:\/\/www.jpk.fr\/en\/newsletter\/","og_site_name":"JPK Composites","article_modified_time":"2025-11-14T08:30:22+00:00","og_image":[{"width":1024,"height":273,"url":"https:\/\/www.jpk.fr\/wp-content\/uploads\/2025\/11\/newsletter-illustration-line-art-paper-plane.png","type":"image\/png"}],"twitter_card":"summary_large_image","twitter_misc":{"Estimated reading time":"1 minute"},"schema":{"@context":"https:\/\/schema.org","@graph":[{"@type":"WebPage","@id":"https:\/\/www.jpk.fr\/newsletter\/","url":"https:\/\/www.jpk.fr\/newsletter\/","name":"S'inscrire \u00e0 la newsletter du chantier &#8212; JPK Composites","isPartOf":{"@id":"https:\/\/www.jpk.fr\/#website"},"primaryImageOfPage":{"@id":"https:\/\/www.jpk.fr\/newsletter\/#primaryimage"},"image":{"@id":"https:\/\/www.jpk.fr\/newsletter\/#primaryimage"},"thumbnailUrl":"https:\/\/www.jpk.fr\/wp-content\/uploads\/2025\/11\/newsletter-illustration-line-art-paper-plane.png","datePublished":"2025-11-13T09:08:34+00:00","dateModified":"2025-11-14T08:30:22+00:00","description":"Receive our latest news in your mailbox, the most important victories of our boats, our presence at nautical events, and more.","breadcrumb":{"@id":"https:\/\/www.jpk.fr\/newsletter\/#breadcrumb"},"inLanguage":"en-GB","potentialAction":[{"@type":"ReadAction","target":["https:\/\/www.jpk.fr\/newsletter\/"]}]},{"@type":"ImageObject","inLanguage":"en-GB","@id":"https:\/\/www.jpk.fr\/newsletter\/#primaryimage","url":"https:\/\/www.jpk.fr\/wp-content\/uploads\/2025\/11\/newsletter-illustration-line-art-paper-plane.png","contentUrl":"https:\/\/www.jpk.fr\/wp-content\/uploads\/2025\/11\/newsletter-illustration-line-art-paper-plane.png"},{"@type":"BreadcrumbList","@id":"https:\/\/www.jpk.fr\/newsletter\/#breadcrumb","itemListElement":[{"@type":"ListItem","position":1,"name":"Accueil","item":"https:\/\/www.jpk.fr\/"},{"@type":"ListItem","position":2,"name":"Inscription \u00e0 la newsletter 2025"}]},{"@type":"WebSite","@id":"https:\/\/www.jpk.fr\/#website","url":"https:\/\/www.jpk.fr\/","name":"JPK Composites","description":"JPK Composites d\u00e9veloppe avec une \u00e9quipe passionn\u00e9e des bateaux rapides, marins, et esth\u00e9tiques.","publisher":{"@id":"https:\/\/www.jpk.fr\/#organization"},"potentialAction":[{"@type":"SearchAction","target":{"@type":"EntryPoint","urlTemplate":"https:\/\/www.jpk.fr\/?s={search_term_string}"},"query-input":{"@type":"PropertyValueSpecification","valueRequired":true,"valueName":"search_term_string"}}],"inLanguage":"en-GB"},{"@type":"Organization","@id":"https:\/\/www.jpk.fr\/#organization","name":"JPK Composites","url":"https:\/\/www.jpk.fr\/","logo":{"@type":"ImageObject","inLanguage":"en-GB","@id":"https:\/\/www.jpk.fr\/#\/schema\/logo\/image\/","url":"","contentUrl":"","caption":"JPK Composites"},"image":{"@id":"https:\/\/www.jpk.fr\/#\/schema\/logo\/image\/"}}]}},"_links":{"self":[{"href":"https:\/\/www.jpk.fr\/en\/wp-json\/wp\/v2\/pages\/14540","targetHints":{"allow":["GET"]}}],"collection":[{"href":"https:\/\/www.jpk.fr\/en\/wp-json\/wp\/v2\/pages"}],"about":[{"href":"https:\/\/www.jpk.fr\/en\/wp-json\/wp\/v2\/types\/page"}],"author":[{"embeddable":true,"href":"https:\/\/www.jpk.fr\/en\/wp-json\/wp\/v2\/users\/2"}],"replies":[{"embeddable":true,"href":"https:\/\/www.jpk.fr\/en\/wp-json\/wp\/v2\/comments?post=14540"}],"version-history":[{"count":23,"href":"https:\/\/www.jpk.fr\/en\/wp-json\/wp\/v2\/pages\/14540\/revisions"}],"predecessor-version":[{"id":14649,"href":"https:\/\/www.jpk.fr\/en\/wp-json\/wp\/v2\/pages\/14540\/revisions\/14649"}],"wp:attachment":[{"href":"https:\/\/www.jpk.fr\/en\/wp-json\/wp\/v2\/media?parent=14540"}],"wp:term":[{"taxonomy":"modele","embeddable":true,"href":"https:\/\/www.jpk.fr\/en\/wp-json\/wp\/v2\/modele?post=14540"}],"curies":[{"name":"wp","href":"https:\/\/api.w.org\/{rel}","templated":true}]}}