{"id":1297,"date":"2021-11-18T09:25:54","date_gmt":"2021-11-18T08:25:54","guid":{"rendered":"https:\/\/dev.jpk.fr\/?page_id=1297"},"modified":"2026-01-15T15:15:16","modified_gmt":"2026-01-15T14:15:16","slug":"mentions-legales","status":"publish","type":"page","link":"https:\/\/www.jpk.fr\/en\/mentions-legales\/","title":{"rendered":"Terms of use (in french)"},"content":{"rendered":"<div data-elementor-type=\"wp-page\" data-elementor-id=\"1297\" class=\"elementor elementor-1297\" data-elementor-post-type=\"page\">\n\t\t\t\t<div class=\"elementor-element elementor-element-d3bb238 e-flex e-con-boxed e-con e-parent\" data-id=\"d3bb238\" data-element_type=\"container\" data-e-type=\"container\">\n\t\t\t\t\t<div class=\"e-con-inner\">\n\t\t\t\t<div class=\"elementor-element elementor-element-aa9abc3 elementor-widget elementor-widget-heading\" data-id=\"aa9abc3\" data-element_type=\"widget\" data-e-type=\"widget\" data-widget_type=\"heading.default\">\n\t\t\t\t<div class=\"elementor-widget-container\">\n\t\t\t\t\t<h1 class=\"elementor-heading-title elementor-size-default\">Terms of use (in french)<\/h1>\t\t\t\t<\/div>\n\t\t\t\t<\/div>\n\t\t\t\t<div class=\"elementor-element elementor-element-df1f1ca elementor-widget elementor-widget-text-editor\" data-id=\"df1f1ca\" data-element_type=\"widget\" data-e-type=\"widget\" data-widget_type=\"text-editor.default\">\n\t\t\t\t<div class=\"elementor-widget-container\">\n\t\t\t\t\t\t\t\t\t<p>Conform\u00e9ment aux dispositions des articles 6-III et 19 de la Loi n\u00b0 2004-575 du 21 juin 2004 pour la Confiance dans l&rsquo;\u00e9conomie num\u00e9rique, dite L.C.E.N., nous portons \u00e0 la connaissance des utilisateurs et visiteurs du site www.jpk.fr les informations suivantes :<\/p>\n<h2>1. Informations l\u00e9gales<\/h2>\n<p><strong>\u00c9diteur du site :<br><\/strong>JPK COMPOSITES, soci\u00e9t\u00e9 au capital de 7 622,00 \u20ac<br>Si\u00e8ge social : 1, boulevard Antoine Lavoisier, ZA de Kerhoas, 56260 LARMOR-PLAGE, France<\/p>\n<p><strong>Coordonn\u00e9es :<\/strong><br>T\u00e9l\u00e9phone : +33 (0)2 97 83 89 07<br>Email : jpk@jpk.fr<\/p>\n<p><strong>Identification de l&rsquo;entreprise :<\/strong><br>SIREN : 385 393 897<br>RCS : Lorient B 385 393 897<br>Num\u00e9ro de TVA intracommunautaire : FR00 385 393 897<\/p>\n<p><strong>G\u00e9rant :<\/strong> Monsieur Jean-Pierre Kelbert<br><strong>Directeur de la publication :<\/strong> Monsieur C\u00f4me de Roussel de Pr\u00e9ville<\/p>\n<h2>2. H\u00e9bergement<\/h2>\n<p>Le site www.jpk.fr est h\u00e9berg\u00e9 par :<\/p>\n<p>GANDI SAS<br>63-65 boulevard Mass\u00e9na<br>75013 Paris, France<br>T\u00e9l\u00e9phone : +33 (0)1 70 37 76 61<br>Site web : www.gandi.net<\/p>\n<h2>3. Propri\u00e9t\u00e9 intellectuelle<\/h2>\n<p>L&rsquo;ensemble du contenu de ce site (textes, images, vid\u00e9os, logos, graphismes, etc.) est la propri\u00e9t\u00e9 exclusive de JPK COMPOSITES, sauf mention contraire.<\/p>\n<p>Toute reproduction, distribution, modification, adaptation, retransmission ou publication de ces diff\u00e9rents \u00e9l\u00e9ments est strictement interdite sans l&rsquo;accord \u00e9crit pr\u00e9alable de JPK COMPOSITES.<\/p>\n<p>Les marques, logos et signes distinctifs reproduits sur ce site sont la propri\u00e9t\u00e9 de JPK COMPOSITES. Toute reproduction totale ou partielle de ces marques ou de ces logos sans autorisation pr\u00e9alable et \u00e9crite de JPK COMPOSITES est interdite.<\/p>\n<h2>4. Responsabilit\u00e9<\/h2>\n<p>JPK COMPOSITES s&rsquo;efforce d&rsquo;assurer au mieux l&rsquo;exactitude et la mise \u00e0 jour des informations diffus\u00e9es sur ce site, dont elle se r\u00e9serve le droit de corriger, \u00e0 tout moment et sans pr\u00e9avis, le contenu.<\/p>\n<p>Toutefois, JPK COMPOSITES ne peut garantir l&rsquo;exactitude, la pr\u00e9cision ou l&rsquo;exhaustivit\u00e9 des informations mises \u00e0 disposition sur ce site. En cons\u00e9quence, JPK COMPOSITES d\u00e9cline toute responsabilit\u00e9 pour toute impr\u00e9cision, inexactitude ou omission portant sur des informations disponibles sur ce site.<\/p>\n<p>JPK COMPOSITES ne peut \u00eatre tenue responsable des dommages directs ou indirects r\u00e9sultant de l&rsquo;acc\u00e8s au site ou de l&rsquo;utilisation du site, y compris l&rsquo;inaccessibilit\u00e9, les pertes de donn\u00e9es, d\u00e9t\u00e9riorations, destructions ou virus qui pourraient affecter l&rsquo;\u00e9quipement informatique de l&rsquo;utilisateur.<\/p>\n<h2>5. Liens hypertextes<\/h2>\n<p>Le site www.jpk.fr peut contenir des liens hypertextes vers d&rsquo;autres sites. JPK COMPOSITES ne dispose d&rsquo;aucun moyen pour contr\u00f4ler le contenu des sites en question et d\u00e9cline toute responsabilit\u00e9 quant au contenu de ces sites.<\/p>\n<p>La mise en place d&rsquo;un lien hypertexte en direction du site www.jpk.fr n\u00e9cessite une autorisation pr\u00e9alable et \u00e9crite de JPK COMPOSITES.<\/p>\n<h2>6. Donn\u00e9es personnelles<\/h2>\n<p>Pour toute information concernant la collecte et le traitement de vos donn\u00e9es personnelles, veuillez consulter notre <a href=\"https:\/\/www.jpk.fr\/en\/politique-de-confidentialite\/\" target=\"_blank\">Politique de confidentialit\u00e9<\/a>.<\/p>\n<p>Conform\u00e9ment au R\u00e8glement G\u00e9n\u00e9ral sur la Protection des Donn\u00e9es (RGPD) et \u00e0 la loi Informatique et Libert\u00e9s, vous disposez d&rsquo;un droit d&rsquo;acc\u00e8s, de rectification, de suppression et d&rsquo;opposition aux donn\u00e9es personnelles vous concernant.<\/p>\n<p>Pour exercer ces droits, vous pouvez nous contacter :<\/p>\n<ul>\n<li>Par email : jpk@jpk.fr<\/li>\n<li>Par courrier : JPK COMPOSITES, 1 boulevard Antoine Lavoisier, ZA de Kerhoas, 56260 LARMOR-PLAGE<\/li>\n<\/ul>\n<p>Vous avez \u00e9galement le droit d&rsquo;introduire une r\u00e9clamation aupr\u00e8s de la CNIL (Commission Nationale de l&rsquo;Informatique et des Libert\u00e9s) : www.cnil.fr<\/p>\n<h2>7. Cookies<\/h2>\n<p>Pour toute information concernant l&rsquo;utilisation des cookies sur notre site, veuillez consulter notre <a href=\"https:\/\/www.jpk.fr\/en\/politique-de-cookies-ue\/\">Politique de cookies<\/a>.<\/p>\n<h2>8. Droit applicable<\/h2>\n<p>Les pr\u00e9sentes mentions l\u00e9gales sont r\u00e9gies par le droit fran\u00e7ais. En cas de litige et \u00e0 d\u00e9faut d&rsquo;accord amiable, le litige sera port\u00e9 devant les tribunaux fran\u00e7ais conform\u00e9ment aux r\u00e8gles de comp\u00e9tence en vigueur.<\/p>\n<hr>\n<p><em>Derni\u00e8re mise \u00e0 jour : Janvier 2026<\/em><\/p>\t\t\t\t\t\t\t\t<\/div>\n\t\t\t\t<\/div>\n\t\t\t\t\t<\/div>\n\t\t\t\t<\/div>\n\t\t<div class=\"elementor-element elementor-element-ddb9853 e-flex e-con-boxed e-con e-parent\" data-id=\"ddb9853\" data-element_type=\"container\" data-e-type=\"container\">\n\t\t\t\t\t<div class=\"e-con-inner\">\n\t\t\t\t<div class=\"elementor-element elementor-element-ff85b00 elementor-widget elementor-widget-image\" data-id=\"ff85b00\" data-element_type=\"widget\" data-e-type=\"widget\" data-widget_type=\"image.default\">\n\t\t\t\t<div class=\"elementor-widget-container\">\n\t\t\t\t\t\t\t\t\t\t\t\t\t\t\t<img fetchpriority=\"high\" decoding=\"async\" width=\"800\" height=\"134\" src=\"https:\/\/www.jpk.fr\/wp-content\/uploads\/2021\/11\/DECO_Pont-1180-07-1024x171.png\" class=\"attachment-large size-large wp-image-3156\" alt=\"\" srcset=\"https:\/\/www.jpk.fr\/wp-content\/uploads\/2021\/11\/DECO_Pont-1180-07-1024x171.png 1024w, https:\/\/www.jpk.fr\/wp-content\/uploads\/2021\/11\/DECO_Pont-1180-07-300x50.png 300w, https:\/\/www.jpk.fr\/wp-content\/uploads\/2021\/11\/DECO_Pont-1180-07-768x129.png 768w, https:\/\/www.jpk.fr\/wp-content\/uploads\/2021\/11\/DECO_Pont-1180-07-1536x257.png 1536w, https:\/\/www.jpk.fr\/wp-content\/uploads\/2021\/11\/DECO_Pont-1180-07.png 1960w\" sizes=\"(max-width: 800px) 100vw, 800px\" \/>\t\t\t\t\t\t\t\t\t\t\t\t\t\t\t<\/div>\n\t\t\t\t<\/div>\n\t\t\t\t\t<\/div>\n\t\t\t\t<\/div>\n\t\t\t\t<\/div>","protected":false},"excerpt":{"rendered":"<p>Mentions l\u00e9gales Conform\u00e9ment aux dispositions des articles 6-III et 19 de la Loi n\u00b0 2004-575 du 21 juin 2004 pour la Confiance dans l&rsquo;\u00e9conomie num\u00e9rique, dite L.C.E.N., nous portons \u00e0 la connaissance des utilisateurs et visiteurs du site www.jpk.fr les informations suivantes : 1. Informations l\u00e9gales \u00c9diteur du site :JPK COMPOSITES, soci\u00e9t\u00e9 au capital de [&hellip;]<\/p>\n","protected":false},"author":2,"featured_media":0,"parent":0,"menu_order":0,"comment_status":"closed","ping_status":"closed","template":"","meta":{"_acf_changed":false,"footnotes":""},"modele":[],"class_list":["post-1297","page","type-page","status-publish","hentry"],"acf":[],"yoast_head":"<!-- This site is optimized with the Yoast SEO plugin v27.4 - https:\/\/yoast.com\/product\/yoast-seo-wordpress\/ -->\n<title>Mentions l\u00e9gales &#8212; JPK Composites<\/title>\n<meta name=\"robots\" content=\"index, follow, max-snippet:-1, max-image-preview:large, max-video-preview:-1\" \/>\n<link rel=\"canonical\" href=\"https:\/\/www.jpk.fr\/en\/mentions-legales\/\" \/>\n<meta property=\"og:locale\" content=\"en_GB\" \/>\n<meta property=\"og:type\" content=\"article\" \/>\n<meta property=\"og:title\" content=\"Mentions l\u00e9gales &#8212; JPK Composites\" \/>\n<meta property=\"og:description\" content=\"Mentions l\u00e9gales Conform\u00e9ment aux dispositions des articles 6-III et 19 de la Loi n\u00b0 2004-575 du 21 juin 2004 pour la Confiance dans l&rsquo;\u00e9conomie num\u00e9rique, dite L.C.E.N., nous portons \u00e0 la connaissance des utilisateurs et visiteurs du site www.jpk.fr les informations suivantes : 1. Informations l\u00e9gales \u00c9diteur du site :JPK COMPOSITES, soci\u00e9t\u00e9 au capital de [&hellip;]\" \/>\n<meta property=\"og:url\" content=\"https:\/\/www.jpk.fr\/en\/mentions-legales\/\" \/>\n<meta property=\"og:site_name\" content=\"JPK Composites\" \/>\n<meta property=\"article:modified_time\" content=\"2026-01-15T14:15:16+00:00\" \/>\n<meta property=\"og:image\" content=\"https:\/\/www.jpk.fr\/wp-content\/uploads\/2021\/11\/DECO_Pont-1180-07.png\" \/>\n\t<meta property=\"og:image:width\" content=\"1960\" \/>\n\t<meta property=\"og:image:height\" content=\"328\" \/>\n\t<meta property=\"og:image:type\" content=\"image\/png\" \/>\n<meta name=\"twitter:card\" content=\"summary_large_image\" \/>\n<meta name=\"twitter:label1\" content=\"Estimated reading time\" \/>\n\t<meta name=\"twitter:data1\" content=\"4 minutes\" \/>\n<script type=\"application\/ld+json\" class=\"yoast-schema-graph\">{\"@context\":\"https:\\\/\\\/schema.org\",\"@graph\":[{\"@type\":\"WebPage\",\"@id\":\"https:\\\/\\\/www.jpk.fr\\\/mentions-legales\\\/\",\"url\":\"https:\\\/\\\/www.jpk.fr\\\/mentions-legales\\\/\",\"name\":\"Mentions l\u00e9gales &#8212; JPK Composites\",\"isPartOf\":{\"@id\":\"https:\\\/\\\/www.jpk.fr\\\/#website\"},\"primaryImageOfPage\":{\"@id\":\"https:\\\/\\\/www.jpk.fr\\\/mentions-legales\\\/#primaryimage\"},\"image\":{\"@id\":\"https:\\\/\\\/www.jpk.fr\\\/mentions-legales\\\/#primaryimage\"},\"thumbnailUrl\":\"https:\\\/\\\/www.jpk.fr\\\/wp-content\\\/uploads\\\/2021\\\/11\\\/DECO_Pont-1180-07-1024x171.png\",\"datePublished\":\"2021-11-18T08:25:54+00:00\",\"dateModified\":\"2026-01-15T14:15:16+00:00\",\"breadcrumb\":{\"@id\":\"https:\\\/\\\/www.jpk.fr\\\/mentions-legales\\\/#breadcrumb\"},\"inLanguage\":\"en-GB\",\"potentialAction\":[{\"@type\":\"ReadAction\",\"target\":[\"https:\\\/\\\/www.jpk.fr\\\/mentions-legales\\\/\"]}]},{\"@type\":\"ImageObject\",\"inLanguage\":\"en-GB\",\"@id\":\"https:\\\/\\\/www.jpk.fr\\\/mentions-legales\\\/#primaryimage\",\"url\":\"https:\\\/\\\/www.jpk.fr\\\/wp-content\\\/uploads\\\/2021\\\/11\\\/DECO_Pont-1180-07-1024x171.png\",\"contentUrl\":\"https:\\\/\\\/www.jpk.fr\\\/wp-content\\\/uploads\\\/2021\\\/11\\\/DECO_Pont-1180-07-1024x171.png\"},{\"@type\":\"BreadcrumbList\",\"@id\":\"https:\\\/\\\/www.jpk.fr\\\/mentions-legales\\\/#breadcrumb\",\"itemListElement\":[{\"@type\":\"ListItem\",\"position\":1,\"name\":\"Accueil\",\"item\":\"https:\\\/\\\/www.jpk.fr\\\/\"},{\"@type\":\"ListItem\",\"position\":2,\"name\":\"Mentions l\u00e9gales\"}]},{\"@type\":\"WebSite\",\"@id\":\"https:\\\/\\\/www.jpk.fr\\\/#website\",\"url\":\"https:\\\/\\\/www.jpk.fr\\\/\",\"name\":\"JPK Composites\",\"description\":\"JPK Composites d\u00e9veloppe avec une \u00e9quipe passionn\u00e9e des bateaux rapides, marins, et esth\u00e9tiques.\",\"publisher\":{\"@id\":\"https:\\\/\\\/www.jpk.fr\\\/#organization\"},\"potentialAction\":[{\"@type\":\"SearchAction\",\"target\":{\"@type\":\"EntryPoint\",\"urlTemplate\":\"https:\\\/\\\/www.jpk.fr\\\/?s={search_term_string}\"},\"query-input\":{\"@type\":\"PropertyValueSpecification\",\"valueRequired\":true,\"valueName\":\"search_term_string\"}}],\"inLanguage\":\"en-GB\"},{\"@type\":\"Organization\",\"@id\":\"https:\\\/\\\/www.jpk.fr\\\/#organization\",\"name\":\"JPK Composites\",\"url\":\"https:\\\/\\\/www.jpk.fr\\\/\",\"logo\":{\"@type\":\"ImageObject\",\"inLanguage\":\"en-GB\",\"@id\":\"https:\\\/\\\/www.jpk.fr\\\/#\\\/schema\\\/logo\\\/image\\\/\",\"url\":\"\",\"contentUrl\":\"\",\"caption\":\"JPK Composites\"},\"image\":{\"@id\":\"https:\\\/\\\/www.jpk.fr\\\/#\\\/schema\\\/logo\\\/image\\\/\"}}]}<\/script>\n<!-- \/ Yoast SEO plugin. -->","yoast_head_json":{"title":"Mentions l\u00e9gales &#8212; JPK Composites","robots":{"index":"index","follow":"follow","max-snippet":"max-snippet:-1","max-image-preview":"max-image-preview:large","max-video-preview":"max-video-preview:-1"},"canonical":"https:\/\/www.jpk.fr\/en\/mentions-legales\/","og_locale":"en_GB","og_type":"article","og_title":"Mentions l\u00e9gales &#8212; JPK Composites","og_description":"Mentions l\u00e9gales Conform\u00e9ment aux dispositions des articles 6-III et 19 de la Loi n\u00b0 2004-575 du 21 juin 2004 pour la Confiance dans l&rsquo;\u00e9conomie num\u00e9rique, dite L.C.E.N., nous portons \u00e0 la connaissance des utilisateurs et visiteurs du site www.jpk.fr les informations suivantes : 1. Informations l\u00e9gales \u00c9diteur du site :JPK COMPOSITES, soci\u00e9t\u00e9 au capital de [&hellip;]","og_url":"https:\/\/www.jpk.fr\/en\/mentions-legales\/","og_site_name":"JPK Composites","article_modified_time":"2026-01-15T14:15:16+00:00","og_image":[{"width":1960,"height":328,"url":"https:\/\/www.jpk.fr\/wp-content\/uploads\/2021\/11\/DECO_Pont-1180-07.png","type":"image\/png"}],"twitter_card":"summary_large_image","twitter_misc":{"Estimated reading time":"4 minutes"},"schema":{"@context":"https:\/\/schema.org","@graph":[{"@type":"WebPage","@id":"https:\/\/www.jpk.fr\/mentions-legales\/","url":"https:\/\/www.jpk.fr\/mentions-legales\/","name":"Mentions l\u00e9gales &#8212; JPK Composites","isPartOf":{"@id":"https:\/\/www.jpk.fr\/#website"},"primaryImageOfPage":{"@id":"https:\/\/www.jpk.fr\/mentions-legales\/#primaryimage"},"image":{"@id":"https:\/\/www.jpk.fr\/mentions-legales\/#primaryimage"},"thumbnailUrl":"https:\/\/www.jpk.fr\/wp-content\/uploads\/2021\/11\/DECO_Pont-1180-07-1024x171.png","datePublished":"2021-11-18T08:25:54+00:00","dateModified":"2026-01-15T14:15:16+00:00","breadcrumb":{"@id":"https:\/\/www.jpk.fr\/mentions-legales\/#breadcrumb"},"inLanguage":"en-GB","potentialAction":[{"@type":"ReadAction","target":["https:\/\/www.jpk.fr\/mentions-legales\/"]}]},{"@type":"ImageObject","inLanguage":"en-GB","@id":"https:\/\/www.jpk.fr\/mentions-legales\/#primaryimage","url":"https:\/\/www.jpk.fr\/wp-content\/uploads\/2021\/11\/DECO_Pont-1180-07-1024x171.png","contentUrl":"https:\/\/www.jpk.fr\/wp-content\/uploads\/2021\/11\/DECO_Pont-1180-07-1024x171.png"},{"@type":"BreadcrumbList","@id":"https:\/\/www.jpk.fr\/mentions-legales\/#breadcrumb","itemListElement":[{"@type":"ListItem","position":1,"name":"Accueil","item":"https:\/\/www.jpk.fr\/"},{"@type":"ListItem","position":2,"name":"Mentions l\u00e9gales"}]},{"@type":"WebSite","@id":"https:\/\/www.jpk.fr\/#website","url":"https:\/\/www.jpk.fr\/","name":"JPK Composites","description":"JPK Composites d\u00e9veloppe avec une \u00e9quipe passionn\u00e9e des bateaux rapides, marins, et esth\u00e9tiques.","publisher":{"@id":"https:\/\/www.jpk.fr\/#organization"},"potentialAction":[{"@type":"SearchAction","target":{"@type":"EntryPoint","urlTemplate":"https:\/\/www.jpk.fr\/?s={search_term_string}"},"query-input":{"@type":"PropertyValueSpecification","valueRequired":true,"valueName":"search_term_string"}}],"inLanguage":"en-GB"},{"@type":"Organization","@id":"https:\/\/www.jpk.fr\/#organization","name":"JPK Composites","url":"https:\/\/www.jpk.fr\/","logo":{"@type":"ImageObject","inLanguage":"en-GB","@id":"https:\/\/www.jpk.fr\/#\/schema\/logo\/image\/","url":"","contentUrl":"","caption":"JPK Composites"},"image":{"@id":"https:\/\/www.jpk.fr\/#\/schema\/logo\/image\/"}}]}},"_links":{"self":[{"href":"https:\/\/www.jpk.fr\/en\/wp-json\/wp\/v2\/pages\/1297","targetHints":{"allow":["GET"]}}],"collection":[{"href":"https:\/\/www.jpk.fr\/en\/wp-json\/wp\/v2\/pages"}],"about":[{"href":"https:\/\/www.jpk.fr\/en\/wp-json\/wp\/v2\/types\/page"}],"author":[{"embeddable":true,"href":"https:\/\/www.jpk.fr\/en\/wp-json\/wp\/v2\/users\/2"}],"replies":[{"embeddable":true,"href":"https:\/\/www.jpk.fr\/en\/wp-json\/wp\/v2\/comments?post=1297"}],"version-history":[{"count":10,"href":"https:\/\/www.jpk.fr\/en\/wp-json\/wp\/v2\/pages\/1297\/revisions"}],"predecessor-version":[{"id":15638,"href":"https:\/\/www.jpk.fr\/en\/wp-json\/wp\/v2\/pages\/1297\/revisions\/15638"}],"wp:attachment":[{"href":"https:\/\/www.jpk.fr\/en\/wp-json\/wp\/v2\/media?parent=1297"}],"wp:term":[{"taxonomy":"modele","embeddable":true,"href":"https:\/\/www.jpk.fr\/en\/wp-json\/wp\/v2\/modele?post=1297"}],"curies":[{"name":"wp","href":"https:\/\/api.w.org\/{rel}","templated":true}]}}